{"id":5030,"date":"2025-02-03T21:31:15","date_gmt":"2025-02-03T20:31:15","guid":{"rendered":"https:\/\/smartcanteen.eu\/erweiterungsmodule"},"modified":"2025-12-03T18:50:52","modified_gmt":"2025-12-03T17:50:52","slug":"erweiterungsmodule","status":"publish","type":"page","link":"https:\/\/smartcanteen.eu\/de\/erweiterungsmodule","title":{"rendered":"Erweiterungsmodule"},"content":{"rendered":"<section class=\"gb-container gb-container-b5a8ab02\" id=\"hero\">\n<div class=\"gb-container gb-container-7b13eb1c\">\n<div class=\"gb-container gb-container-5b7a02e8\">\n<div class=\"gb-container gb-container-03daea4a\">\n\n<h1 class=\"gb-headline gb-headline-a20fdbcd gb-headline-text\">Vorgefertigte Erweiterungsmodule<\/h1>\n\n\n\n<p class=\"gb-headline gb-headline-9db610b2 gb-headline-text\">Erweitern Sie SmartCanteen und EggPOS Software nahtlos mit intelligenten Modulen. Verbessern Sie die Funktionalit\u00e4t, straffen Sie die Abl\u00e4ufe und steigern Sie die Effizienz mit L\u00f6sungen, die auf Ihre Gesch\u00e4ftsanforderungen zugeschnitten sind. <\/p>\n\n<\/div>\n<\/div>\n\n<div class=\"gb-container gb-container-a4df58fb\">\n\n<figure class=\"gb-block-image gb-block-image-5e65e139\"><img decoding=\"async\" width=\"1488\" height=\"1181\" class=\"gb-image gb-image-5e65e139 animate_fadeInLeft lazyload\" data-src=\"https:\/\/smartcanteen.eu\/wp-content\/uploads\/2025\/02\/expansion-modules.png\" alt=\"\" title=\"Erweiterungs-Module\" data-srcset=\"https:\/\/smartcanteen.eu\/wp-content\/uploads\/2025\/02\/expansion-modules.png 1488w, https:\/\/smartcanteen.eu\/wp-content\/uploads\/2025\/02\/expansion-modules-300x238.png 300w, https:\/\/smartcanteen.eu\/wp-content\/uploads\/2025\/02\/expansion-modules-1024x813.png 1024w, https:\/\/smartcanteen.eu\/wp-content\/uploads\/2025\/02\/expansion-modules-768x610.png 768w\" data-sizes=\"(max-width: 1488px) 100vw, 1488px\" src=\"data:image\/svg+xml;base64,PHN2ZyB3aWR0aD0iMSIgaGVpZ2h0PSIxIiB4bWxucz0iaHR0cDovL3d3dy53My5vcmcvMjAwMC9zdmciPjwvc3ZnPg==\" style=\"--smush-placeholder-width: 1488px; --smush-placeholder-aspect-ratio: 1488\/1181;\" \/><\/figure>\n\n<\/div>\n<\/div>\n<\/section><section class=\"gb-container gb-container-268899d6\" id=\"modules\">\n<div class=\"gb-container gb-container-73f14ca8\">\n\n<p class=\"gb-headline gb-headline-89bd5a7b gb-headline-text\">Alle Module (A-Z):<\/p>\n\n<\/div>\n\n<div class=\"gb-container gb-container-2c75f3dc\">\n\n<div class=\"gb-grid-wrapper gb-grid-wrapper-fdd18b2e grid-3-col gb-query-loop-wrapper\" id=\"modules-loop\">\n<div class=\"gb-grid-column gb-grid-column-fc584858 gb-query-loop-item post-5127 expansion-module type-expansion-module status-publish has-post-thumbnail hentry\"><div class=\"gb-container gb-container-fc584858\">\n<div class=\"gb-container gb-container-9491776b\">\n<figure class=\"gb-block-image gb-block-image-3101efe6\"><img decoding=\"async\" width=\"256\" height=\"256\" data-src=\"https:\/\/smartcanteen.eu\/wp-content\/uploads\/2025\/02\/brain.svg\" class=\"gb-image-3101efe6 icon lazyload\" alt=\"\" src=\"data:image\/svg+xml;base64,PHN2ZyB3aWR0aD0iMSIgaGVpZ2h0PSIxIiB4bWxucz0iaHR0cDovL3d3dy53My5vcmcvMjAwMC9zdmciPjwvc3ZnPg==\" style=\"--smush-placeholder-width: 256px; --smush-placeholder-aspect-ratio: 256\/256;\" \/><\/figure>\n<\/div>\n\n<div class=\"gb-container gb-container-b6758f37\">\n<h2 class=\"gb-headline gb-headline-22fbc51c gb-headline-text\">EggAI CRM<\/h2>\n\n<p class=\"gb-headline gb-headline-a5ac2ea2 gb-headline-text\">EggAI ist eine bahnbrechende L\u00f6sung, die die Lebensmittelverschwendung in Kantinen und Gastronomiebetrieben drastisch reduziert, indem sie die Leistungsf\u00e4higkeit von KI und Deep Learning nutzt.<\/p>\n<\/div>\n\n<a class=\"gb-button gb-button-5785388d\" href=\"https:\/\/smartcanteen.eu\/de\/expansion-module\/eggai-crm\"><span class=\"gb-button-text\">Mehr erfahren<\/span><span class=\"gb-icon\"><svg xmlns=\"http:\/\/www.w3.org\/2000\/svg\" viewbox=\"0 0 16 16\" class=\"bi bi-arrow-right\" fill=\"currentColor\" height=\"16\" width=\"16\">   <path d=\"M1 8a.5.5 0 0 1 .5-.5h11.793l-3.147-3.146a.5.5 0 0 1 .708-.708l4 4a.5.5 0 0 1 0 .708l-4 4a.5.5 0 0 1-.708-.708L13.293 8.5H1.5A.5.5 0 0 1 1 8\" fill-rule=\"evenodd\"><\/path> <\/svg><\/span><\/a>\n<\/div><\/div>\n\n<div class=\"gb-grid-column gb-grid-column-fc584858 gb-query-loop-item post-5144 expansion-module type-expansion-module status-publish has-post-thumbnail hentry\"><div class=\"gb-container gb-container-fc584858\">\n<div class=\"gb-container gb-container-9491776b\">\n<figure class=\"gb-block-image gb-block-image-3101efe6\"><img decoding=\"async\" width=\"256\" height=\"256\" data-src=\"https:\/\/smartcanteen.eu\/wp-content\/uploads\/2025\/02\/briefcase-metal.svg\" class=\"gb-image-3101efe6 icon lazyload\" alt=\"\" src=\"data:image\/svg+xml;base64,PHN2ZyB3aWR0aD0iMSIgaGVpZ2h0PSIxIiB4bWxucz0iaHR0cDovL3d3dy53My5vcmcvMjAwMC9zdmciPjwvc3ZnPg==\" style=\"--smush-placeholder-width: 256px; --smush-placeholder-aspect-ratio: 256\/256;\" \/><\/figure>\n<\/div>\n\n<div class=\"gb-container gb-container-b6758f37\">\n<h2 class=\"gb-headline gb-headline-22fbc51c gb-headline-text\">EggAnalyst<\/h2>\n\n<p class=\"gb-headline gb-headline-a5ac2ea2 gb-headline-text\">EggAnalyst ist eine hochentwickelte Anwendung, die speziell f\u00fcr die Bed\u00fcrfnisse von Managern im Gastgewerbe entwickelt wurde. Sie bietet einen umfassenden \u00dcberblick und Kontrolle \u00fcber alle wichtigen Gesch\u00e4ftsprozesse in Echtzeit und hilft Ihnen so, schnellere Entscheidungen zu treffen und Ihren Betrieb zu optimieren. <\/p>\n<\/div>\n\n<a class=\"gb-button gb-button-5785388d\" href=\"https:\/\/smartcanteen.eu\/de\/expansion-module\/egganalyst\"><span class=\"gb-button-text\">Mehr erfahren<\/span><span class=\"gb-icon\"><svg xmlns=\"http:\/\/www.w3.org\/2000\/svg\" viewbox=\"0 0 16 16\" class=\"bi bi-arrow-right\" fill=\"currentColor\" height=\"16\" width=\"16\">   <path d=\"M1 8a.5.5 0 0 1 .5-.5h11.793l-3.147-3.146a.5.5 0 0 1 .708-.708l4 4a.5.5 0 0 1 0 .708l-4 4a.5.5 0 0 1-.708-.708L13.293 8.5H1.5A.5.5 0 0 1 1 8\" fill-rule=\"evenodd\"><\/path> <\/svg><\/span><\/a>\n<\/div><\/div>\n\n<div class=\"gb-grid-column gb-grid-column-fc584858 gb-query-loop-item post-5142 expansion-module type-expansion-module status-publish has-post-thumbnail hentry\"><div class=\"gb-container gb-container-fc584858\">\n<div class=\"gb-container gb-container-9491776b\">\n<figure class=\"gb-block-image gb-block-image-3101efe6\"><img decoding=\"async\" width=\"16\" height=\"16\" data-src=\"https:\/\/smartcanteen.eu\/wp-content\/uploads\/2025\/02\/ui-checks-grid.svg\" class=\"gb-image-3101efe6 icon lazyload\" alt=\"\" src=\"data:image\/svg+xml;base64,PHN2ZyB3aWR0aD0iMSIgaGVpZ2h0PSIxIiB4bWxucz0iaHR0cDovL3d3dy53My5vcmcvMjAwMC9zdmciPjwvc3ZnPg==\" style=\"--smush-placeholder-width: 16px; --smush-placeholder-aspect-ratio: 16\/16;\" \/><\/figure>\n<\/div>\n\n<div class=\"gb-container gb-container-b6758f37\">\n<h2 class=\"gb-headline gb-headline-22fbc51c gb-headline-text\">EggBO<\/h2>\n\n<p class=\"gb-headline gb-headline-a5ac2ea2 gb-headline-text\">EggBO ist ein leistungsstarkes und vielseitiges Backend-System, das eine umfassende L\u00f6sung f\u00fcr die Verwaltung verschiedener Gesch\u00e4ftsprozesse bietet, insbesondere im Gastgewerbe und im Einzelhandel.<\/p>\n<\/div>\n\n<a class=\"gb-button gb-button-5785388d\" href=\"https:\/\/smartcanteen.eu\/de\/expansion-module\/eggbo\"><span class=\"gb-button-text\">Mehr erfahren<\/span><span class=\"gb-icon\"><svg xmlns=\"http:\/\/www.w3.org\/2000\/svg\" viewbox=\"0 0 16 16\" class=\"bi bi-arrow-right\" fill=\"currentColor\" height=\"16\" width=\"16\">   <path d=\"M1 8a.5.5 0 0 1 .5-.5h11.793l-3.147-3.146a.5.5 0 0 1 .708-.708l4 4a.5.5 0 0 1 0 .708l-4 4a.5.5 0 0 1-.708-.708L13.293 8.5H1.5A.5.5 0 0 1 1 8\" fill-rule=\"evenodd\"><\/path> <\/svg><\/span><\/a>\n<\/div><\/div>\n\n<div class=\"gb-grid-column gb-grid-column-fc584858 gb-query-loop-item post-5136 expansion-module type-expansion-module status-publish has-post-thumbnail hentry\"><div class=\"gb-container gb-container-fc584858\">\n<div class=\"gb-container gb-container-9491776b\">\n<figure class=\"gb-block-image gb-block-image-3101efe6\"><img decoding=\"async\" width=\"256\" height=\"256\" data-src=\"https:\/\/smartcanteen.eu\/wp-content\/uploads\/2025\/02\/sliders.svg\" class=\"gb-image-3101efe6 icon lazyload\" alt=\"\" src=\"data:image\/svg+xml;base64,PHN2ZyB3aWR0aD0iMSIgaGVpZ2h0PSIxIiB4bWxucz0iaHR0cDovL3d3dy53My5vcmcvMjAwMC9zdmciPjwvc3ZnPg==\" style=\"--smush-placeholder-width: 256px; --smush-placeholder-aspect-ratio: 256\/256;\" \/><\/figure>\n<\/div>\n\n<div class=\"gb-container gb-container-b6758f37\">\n<h2 class=\"gb-headline gb-headline-22fbc51c gb-headline-text\">EggConsumptionManager<\/h2>\n\n<p class=\"gb-headline gb-headline-a5ac2ea2 gb-headline-text\">Egg Consumption Manager ist ein fortschrittliches System, mit dem Sie die vollst\u00e4ndige Kontrolle \u00fcber den Konsum Ihrer Kunden haben. Legen Sie individuelle Ausgabenlimits fest und \u00fcberwachen Sie den Verbrauch in Echtzeit. <\/p>\n<\/div>\n\n<a class=\"gb-button gb-button-5785388d\" href=\"https:\/\/smartcanteen.eu\/de\/expansion-module\/eggconsumptionmanager\"><span class=\"gb-button-text\">Mehr erfahren<\/span><span class=\"gb-icon\"><svg xmlns=\"http:\/\/www.w3.org\/2000\/svg\" viewbox=\"0 0 16 16\" class=\"bi bi-arrow-right\" fill=\"currentColor\" height=\"16\" width=\"16\">   <path d=\"M1 8a.5.5 0 0 1 .5-.5h11.793l-3.147-3.146a.5.5 0 0 1 .708-.708l4 4a.5.5 0 0 1 0 .708l-4 4a.5.5 0 0 1-.708-.708L13.293 8.5H1.5A.5.5 0 0 1 1 8\" fill-rule=\"evenodd\"><\/path> <\/svg><\/span><\/a>\n<\/div><\/div>\n\n<div class=\"gb-grid-column gb-grid-column-fc584858 gb-query-loop-item post-5134 expansion-module type-expansion-module status-publish has-post-thumbnail hentry\"><div class=\"gb-container gb-container-fc584858\">\n<div class=\"gb-container gb-container-9491776b\">\n<figure class=\"gb-block-image gb-block-image-3101efe6\"><img decoding=\"async\" width=\"256\" height=\"256\" data-src=\"https:\/\/smartcanteen.eu\/wp-content\/uploads\/2025\/02\/smiley.svg\" class=\"gb-image-3101efe6 icon lazyload\" alt=\"\" src=\"data:image\/svg+xml;base64,PHN2ZyB3aWR0aD0iMSIgaGVpZ2h0PSIxIiB4bWxucz0iaHR0cDovL3d3dy53My5vcmcvMjAwMC9zdmciPjwvc3ZnPg==\" style=\"--smush-placeholder-width: 256px; --smush-placeholder-aspect-ratio: 256\/256;\" \/><\/figure>\n<\/div>\n\n<div class=\"gb-container gb-container-b6758f37\">\n<h2 class=\"gb-headline gb-headline-22fbc51c gb-headline-text\">EggLoyalty<\/h2>\n\n<p class=\"gb-headline gb-headline-a5ac2ea2 gb-headline-text\">EggLoyalty ist ein fortschrittliches Treueverwaltungssystem, mit dem Sie Ihre treuen Kunden belohnen, ihre Zufriedenheit steigern und sie zu wiederholten Besuchen anregen k\u00f6nnen.<\/p>\n<\/div>\n\n<a class=\"gb-button gb-button-5785388d\" href=\"https:\/\/smartcanteen.eu\/de\/expansion-module\/eggloyalty\"><span class=\"gb-button-text\">Mehr erfahren<\/span><span class=\"gb-icon\"><svg xmlns=\"http:\/\/www.w3.org\/2000\/svg\" viewbox=\"0 0 16 16\" class=\"bi bi-arrow-right\" fill=\"currentColor\" height=\"16\" width=\"16\">   <path d=\"M1 8a.5.5 0 0 1 .5-.5h11.793l-3.147-3.146a.5.5 0 0 1 .708-.708l4 4a.5.5 0 0 1 0 .708l-4 4a.5.5 0 0 1-.708-.708L13.293 8.5H1.5A.5.5 0 0 1 1 8\" fill-rule=\"evenodd\"><\/path> <\/svg><\/span><\/a>\n<\/div><\/div>\n\n<div class=\"gb-grid-column gb-grid-column-fc584858 gb-query-loop-item post-5132 expansion-module type-expansion-module status-publish has-post-thumbnail hentry\"><div class=\"gb-container gb-container-fc584858\">\n<div class=\"gb-container gb-container-9491776b\">\n<figure class=\"gb-block-image gb-block-image-3101efe6\"><img decoding=\"async\" width=\"256\" height=\"256\" data-src=\"https:\/\/smartcanteen.eu\/wp-content\/uploads\/2025\/02\/presentation-chart.svg\" class=\"gb-image-3101efe6 icon lazyload\" alt=\"\" src=\"data:image\/svg+xml;base64,PHN2ZyB3aWR0aD0iMSIgaGVpZ2h0PSIxIiB4bWxucz0iaHR0cDovL3d3dy53My5vcmcvMjAwMC9zdmciPjwvc3ZnPg==\" style=\"--smush-placeholder-width: 256px; --smush-placeholder-aspect-ratio: 256\/256;\" \/><\/figure>\n<\/div>\n\n<div class=\"gb-container gb-container-b6758f37\">\n<h2 class=\"gb-headline gb-headline-22fbc51c gb-headline-text\">EggReporting<\/h2>\n\n<p class=\"gb-headline gb-headline-a5ac2ea2 gb-headline-text\">EggReporting ist ein leistungsstarkes Tool, das eine vollst\u00e4ndige Anpassung bei der Erstellung und Automatisierung von Berichten erm\u00f6glicht, die auf Ihre speziellen Bed\u00fcrfnisse zugeschnitten sind.<\/p>\n<\/div>\n\n<a class=\"gb-button gb-button-5785388d\" href=\"https:\/\/smartcanteen.eu\/de\/expansion-module\/eggreporting\"><span class=\"gb-button-text\">Mehr erfahren<\/span><span class=\"gb-icon\"><svg xmlns=\"http:\/\/www.w3.org\/2000\/svg\" viewbox=\"0 0 16 16\" class=\"bi bi-arrow-right\" fill=\"currentColor\" height=\"16\" width=\"16\">   <path d=\"M1 8a.5.5 0 0 1 .5-.5h11.793l-3.147-3.146a.5.5 0 0 1 .708-.708l4 4a.5.5 0 0 1 0 .708l-4 4a.5.5 0 0 1-.708-.708L13.293 8.5H1.5A.5.5 0 0 1 1 8\" fill-rule=\"evenodd\"><\/path> <\/svg><\/span><\/a>\n<\/div><\/div>\n\n<div class=\"gb-grid-column gb-grid-column-fc584858 gb-query-loop-item post-5138 expansion-module type-expansion-module status-publish has-post-thumbnail hentry\"><div class=\"gb-container gb-container-fc584858\">\n<div class=\"gb-container gb-container-9491776b\">\n<figure class=\"gb-block-image gb-block-image-3101efe6\"><img decoding=\"async\" width=\"256\" height=\"256\" data-src=\"https:\/\/smartcanteen.eu\/wp-content\/uploads\/2025\/02\/fork-knife.svg\" class=\"gb-image-3101efe6 icon lazyload\" alt=\"\" src=\"data:image\/svg+xml;base64,PHN2ZyB3aWR0aD0iMSIgaGVpZ2h0PSIxIiB4bWxucz0iaHR0cDovL3d3dy53My5vcmcvMjAwMC9zdmciPjwvc3ZnPg==\" style=\"--smush-placeholder-width: 256px; --smush-placeholder-aspect-ratio: 256\/256;\" \/><\/figure>\n<\/div>\n\n<div class=\"gb-container gb-container-b6758f37\">\n<h2 class=\"gb-headline gb-headline-22fbc51c gb-headline-text\">Menu Manager<\/h2>\n\n<p class=\"gb-headline gb-headline-a5ac2ea2 gb-headline-text\">Menu Manager ist eine intelligente und innovative Softwarel\u00f6sung, mit der Sie einfach und effizient vielf\u00e4ltige und individuelle Speisekarten erstellen k\u00f6nnen.<\/p>\n<\/div>\n\n<a class=\"gb-button gb-button-5785388d\" href=\"https:\/\/smartcanteen.eu\/de\/expansion-module\/menu-manager\"><span class=\"gb-button-text\">Mehr erfahren<\/span><span class=\"gb-icon\"><svg xmlns=\"http:\/\/www.w3.org\/2000\/svg\" viewbox=\"0 0 16 16\" class=\"bi bi-arrow-right\" fill=\"currentColor\" height=\"16\" width=\"16\">   <path d=\"M1 8a.5.5 0 0 1 .5-.5h11.793l-3.147-3.146a.5.5 0 0 1 .708-.708l4 4a.5.5 0 0 1 0 .708l-4 4a.5.5 0 0 1-.708-.708L13.293 8.5H1.5A.5.5 0 0 1 1 8\" fill-rule=\"evenodd\"><\/path> <\/svg><\/span><\/a>\n<\/div><\/div>\n\n<div class=\"gb-grid-column gb-grid-column-fc584858 gb-query-loop-item post-5147 expansion-module type-expansion-module status-publish has-post-thumbnail hentry\"><div class=\"gb-container gb-container-fc584858\">\n<div class=\"gb-container gb-container-9491776b\">\n<figure class=\"gb-block-image gb-block-image-3101efe6\"><img decoding=\"async\" width=\"16\" height=\"16\" data-src=\"https:\/\/smartcanteen.eu\/wp-content\/uploads\/2025\/02\/music-player.svg\" class=\"gb-image-3101efe6 icon lazyload\" alt=\"\" src=\"data:image\/svg+xml;base64,PHN2ZyB3aWR0aD0iMSIgaGVpZ2h0PSIxIiB4bWxucz0iaHR0cDovL3d3dy53My5vcmcvMjAwMC9zdmciPjwvc3ZnPg==\" style=\"--smush-placeholder-width: 16px; --smush-placeholder-aspect-ratio: 16\/16;\" \/><\/figure>\n<\/div>\n\n<div class=\"gb-container gb-container-b6758f37\">\n<h2 class=\"gb-headline gb-headline-22fbc51c gb-headline-text\">ORDERMAN<\/h2>\n\n<p class=\"gb-headline gb-headline-a5ac2ea2 gb-headline-text\">Tragbares Bestellger\u00e4t, das im Gastgewerbe eingesetzt wird, um den G\u00e4sten einen schnelleren und effizienteren Service zu bieten.<\/p>\n<\/div>\n\n<a class=\"gb-button gb-button-5785388d\" href=\"https:\/\/smartcanteen.eu\/de\/expansion-module\/orderman\"><span class=\"gb-button-text\">Mehr erfahren<\/span><span class=\"gb-icon\"><svg xmlns=\"http:\/\/www.w3.org\/2000\/svg\" viewbox=\"0 0 16 16\" class=\"bi bi-arrow-right\" fill=\"currentColor\" height=\"16\" width=\"16\">   <path d=\"M1 8a.5.5 0 0 1 .5-.5h11.793l-3.147-3.146a.5.5 0 0 1 .708-.708l4 4a.5.5 0 0 1 0 .708l-4 4a.5.5 0 0 1-.708-.708L13.293 8.5H1.5A.5.5 0 0 1 1 8\" fill-rule=\"evenodd\"><\/path> <\/svg><\/span><\/a>\n<\/div><\/div>\n\n<div class=\"gb-grid-column gb-grid-column-fc584858 gb-query-loop-item post-5125 expansion-module type-expansion-module status-publish has-post-thumbnail hentry\"><div class=\"gb-container gb-container-fc584858\">\n<div class=\"gb-container gb-container-9491776b\">\n<figure class=\"gb-block-image gb-block-image-3101efe6\"><img decoding=\"async\" width=\"256\" height=\"256\" data-src=\"https:\/\/smartcanteen.eu\/wp-content\/uploads\/2025\/02\/cash-register.svg\" class=\"gb-image-3101efe6 icon lazyload\" alt=\"\" src=\"data:image\/svg+xml;base64,PHN2ZyB3aWR0aD0iMSIgaGVpZ2h0PSIxIiB4bWxucz0iaHR0cDovL3d3dy53My5vcmcvMjAwMC9zdmciPjwvc3ZnPg==\" style=\"--smush-placeholder-width: 256px; --smush-placeholder-aspect-ratio: 256\/256;\" \/><\/figure>\n<\/div>\n\n<div class=\"gb-container gb-container-b6758f37\">\n<h2 class=\"gb-headline gb-headline-22fbc51c gb-headline-text\">Selbstbedienungskasse mit Kamera (AI Vision Checkout Terminal)<\/h2>\n\n<p class=\"gb-headline gb-headline-a5ac2ea2 gb-headline-text\">Das KI-gesteuerte Selbstbedienungs-Kassenterminal erkennt die Artikel auf den Tellern automatisch mit 95%iger Genauigkeit. Optimieren Sie die Personalkosten. <\/p>\n<\/div>\n\n<a class=\"gb-button gb-button-5785388d\" href=\"https:\/\/smartcanteen.eu\/de\/expansion-module\/selbstbedienungskasse-mit-kamera-ai-vision-checkout-terminal\"><span class=\"gb-button-text\">Mehr erfahren<\/span><span class=\"gb-icon\"><svg xmlns=\"http:\/\/www.w3.org\/2000\/svg\" viewbox=\"0 0 16 16\" class=\"bi bi-arrow-right\" fill=\"currentColor\" height=\"16\" width=\"16\">   <path d=\"M1 8a.5.5 0 0 1 .5-.5h11.793l-3.147-3.146a.5.5 0 0 1 .708-.708l4 4a.5.5 0 0 1 0 .708l-4 4a.5.5 0 0 1-.708-.708L13.293 8.5H1.5A.5.5 0 0 1 1 8\" fill-rule=\"evenodd\"><\/path> <\/svg><\/span><\/a>\n<\/div><\/div>\n\n<div class=\"gb-grid-column gb-grid-column-fc584858 gb-query-loop-item post-5140 expansion-module type-expansion-module status-publish has-post-thumbnail hentry\"><div class=\"gb-container gb-container-fc584858\">\n<div class=\"gb-container gb-container-9491776b\">\n<figure class=\"gb-block-image gb-block-image-3101efe6\"><img decoding=\"async\" width=\"16\" height=\"16\" data-src=\"https:\/\/smartcanteen.eu\/wp-content\/uploads\/2025\/02\/cart4.svg\" class=\"gb-image-3101efe6 icon lazyload\" alt=\"\" src=\"data:image\/svg+xml;base64,PHN2ZyB3aWR0aD0iMSIgaGVpZ2h0PSIxIiB4bWxucz0iaHR0cDovL3d3dy53My5vcmcvMjAwMC9zdmciPjwvc3ZnPg==\" style=\"--smush-placeholder-width: 16px; --smush-placeholder-aspect-ratio: 16\/16;\" \/><\/figure>\n<\/div>\n\n<div class=\"gb-container gb-container-b6758f37\">\n<h2 class=\"gb-headline gb-headline-22fbc51c gb-headline-text\">Weborder<\/h2>\n\n<p class=\"gb-headline gb-headline-a5ac2ea2 gb-headline-text\">Weborder ist eine intuitive und benutzerfreundliche Plattform, die eine schnelle und einfache Vorbestellung von Mahlzeiten direkt online erm\u00f6glicht. Sie ist \u00fcber Webbrowser und Mobiltelefon zug\u00e4nglich. <\/p>\n<\/div>\n\n<a class=\"gb-button gb-button-5785388d\" href=\"https:\/\/smartcanteen.eu\/de\/expansion-module\/weborder\"><span class=\"gb-button-text\">Mehr erfahren<\/span><span class=\"gb-icon\"><svg xmlns=\"http:\/\/www.w3.org\/2000\/svg\" viewbox=\"0 0 16 16\" class=\"bi bi-arrow-right\" fill=\"currentColor\" height=\"16\" width=\"16\">   <path d=\"M1 8a.5.5 0 0 1 .5-.5h11.793l-3.147-3.146a.5.5 0 0 1 .708-.708l4 4a.5.5 0 0 1 0 .708l-4 4a.5.5 0 0 1-.708-.708L13.293 8.5H1.5A.5.5 0 0 1 1 8\" fill-rule=\"evenodd\"><\/path> <\/svg><\/span><\/a>\n<\/div><\/div>\n<\/div>\n\n<\/div>\n<\/section>","protected":false},"excerpt":{"rendered":"<p>Vorgefertigte Erweiterungsmodule Erweitern Sie SmartCanteen und EggPOS Software nahtlos mit intelligenten Modulen. Verbessern Sie die Funktionalit\u00e4t, straffen Sie die Abl\u00e4ufe und steigern Sie die &#8230; <a title=\"Erweiterungsmodule\" class=\"read-more\" href=\"https:\/\/smartcanteen.eu\/de\/erweiterungsmodule\" aria-label=\"Mehr Informationen \u00fcber Erweiterungsmodule\">Read more<\/a><\/p>\n","protected":false},"author":1,"featured_media":0,"parent":0,"menu_order":105,"comment_status":"closed","ping_status":"closed","template":"","meta":{"_acf_changed":false,"footnotes":""},"class_list":["post-5030","page","type-page","status-publish"],"acf":[],"_links":{"self":[{"href":"https:\/\/smartcanteen.eu\/de\/wp-json\/wp\/v2\/pages\/5030","targetHints":{"allow":["GET"]}}],"collection":[{"href":"https:\/\/smartcanteen.eu\/de\/wp-json\/wp\/v2\/pages"}],"about":[{"href":"https:\/\/smartcanteen.eu\/de\/wp-json\/wp\/v2\/types\/page"}],"author":[{"embeddable":true,"href":"https:\/\/smartcanteen.eu\/de\/wp-json\/wp\/v2\/users\/1"}],"replies":[{"embeddable":true,"href":"https:\/\/smartcanteen.eu\/de\/wp-json\/wp\/v2\/comments?post=5030"}],"version-history":[{"count":2,"href":"https:\/\/smartcanteen.eu\/de\/wp-json\/wp\/v2\/pages\/5030\/revisions"}],"predecessor-version":[{"id":5033,"href":"https:\/\/smartcanteen.eu\/de\/wp-json\/wp\/v2\/pages\/5030\/revisions\/5033"}],"wp:attachment":[{"href":"https:\/\/smartcanteen.eu\/de\/wp-json\/wp\/v2\/media?parent=5030"}],"curies":[{"name":"wp","href":"https:\/\/api.w.org\/{rel}","templated":true}]}}