{"id":5039,"date":"2024-12-05T19:04:49","date_gmt":"2024-12-05T18:04:49","guid":{"rendered":"https:\/\/smartcanteen.eu\/cookies"},"modified":"2025-12-03T19:03:09","modified_gmt":"2025-12-03T18:03:09","slug":"cookies","status":"publish","type":"page","link":"https:\/\/smartcanteen.eu\/de\/cookies","title":{"rendered":"Cookies"},"content":{"rendered":"\n<h2 class=\"gb-headline gb-headline-f3abb8cf gb-headline-text\"><strong>Grundlagen<\/strong><\/h2>\n\n<p class=\"gb-headline gb-headline-c1fcfa2a gb-headline-text\">Web-Cookies sind nichts Neues. Alle Website-Besucher haben bereits viele Cookies von verschiedenen Websites auf ihren Computern, Tablets und Mobiltelefonen gespeichert. Neu ist nur, dass die neue Gesetzgebung (ZEKom-1) \u00c4nderungen in Bezug auf die Benachrichtigung oder Zustimmung der Besucher zu ihrer Verwendung mit sich bringt. <\/p>\n\n<h2 class=\"gb-headline gb-headline-98573753 gb-headline-text\"><strong>Was sind Cookies?<\/strong><\/h2>\n\n<p class=\"gb-headline gb-headline-b4bc2f20 gb-headline-text\">Web-Cookies sind kleine Textdateien, die die meisten Websites auf den Ger\u00e4ten speichern, mit denen die Benutzer auf das Internet zugreifen, um die einzelnen Ger\u00e4te zu erkennen, mit denen die Benutzer auf die Website zugreifen. Ihre Speicherung unterliegt der vollen Kontrolle des Browsers des Nutzers &#8211; der Nutzer kann die Speicherung von Cookies auf Wunsch einschr\u00e4nken oder deaktivieren. <\/p>\n\n<h2 class=\"gb-headline gb-headline-9b66aeff gb-headline-text\"><strong>Warum sind Cookies notwendig?<\/strong><\/h2>\n\n<p class=\"gb-headline gb-headline-23b091d9 gb-headline-text\">Sie sind f\u00fcr die Bereitstellung benutzerfreundlicher Online-Dienste unerl\u00e4sslich. Cookies machen die Interaktion zwischen einem Internetnutzer und einer Website schneller und einfacher. Sie helfen der Website, sich an die Vorlieben und Erfahrungen einer Person zu erinnern, Zeit zu sparen und das Surfen auf der Website effizienter und benutzerfreundlicher zu gestalten.  <\/p>\n\n<p class=\"gb-headline gb-headline-de3c1f80 gb-headline-text\">Einige konkrete Beispiele f\u00fcr die Verwendung von Cookies:<\/p>\n\n<ul class=\"wp-block-list\">\n<li>um die Benutzerfreundlichkeit der Website zu verbessern, passen wir die Anzeige von Inhalten f\u00fcr Besucher auf der Grundlage fr\u00fcherer Besuche an<\/li>\n\n\n\n<li>um Auswahlm\u00f6glichkeiten zu speichern, wenn Sie eine Auswahlliste von Ger\u00e4ten und Angeboten erstellen und diese vergleichen<\/li>\n\n\n\n<li>in den Bereichen der Website, in denen eine Anmeldung erforderlich ist, halten wir Sie eingeloggt<\/li>\n\n\n\n<li>zur Erkennung Ihres Ger\u00e4ts (Computer, Tablet, Mobiltelefon), wodurch wir die Anzeige der Inhalte an Ihr Ger\u00e4t anpassen k\u00f6nnen<\/li>\n\n\n\n<li>um Besuche zu \u00fcberwachen, was uns erlaubt, die Effektivit\u00e4t der Anzeige von Inhalten und die Relevanz von Werbung zu \u00fcberpr\u00fcfen und die Website kontinuierlich zu verbessern<\/li>\n\n\n\n<li>sie f\u00fcr den Betrieb bestimmter Dienste erforderlich sind (z. B. Online-Banken, Online-Shops und andere Formen des elektronischen Handels usw.)<\/li>\n<\/ul>\n\n<figure class=\"wp-block-table\"><table><tbody><tr><td><strong>Herausgeber<\/strong><\/td><td><strong>Keks-Etikett<\/strong><\/td><td><strong>G\u00fcltigkeit<\/strong><\/td><td><strong>Zweck<\/strong><\/td><\/tr><tr><td>smartcanteen.eu<\/td><td>comment_author_[hash]<\/td><td>347 Tage<\/td><td>Ein Cookie, das die ordnungsgem\u00e4\u00dfe Funktion des Kommentierens von Beitr\u00e4gen und Produkten erm\u00f6glicht.<\/td><\/tr><tr><td>smartcanteen.eu<\/td><td>comment_author_email_[hash]<\/td><td>347 Tage<\/td><td>Ein Cookie, das die ordnungsgem\u00e4\u00dfe Funktion des Kommentierens von Beitr\u00e4gen und Produkten erm\u00f6glicht.<\/td><\/tr><tr><td>smartcanteen.eu<\/td><td>comment_author_url_[hash]<\/td><td>347 Tage<\/td><td>Ein Cookie, das die ordnungsgem\u00e4\u00dfe Funktion des Kommentierens von Beitr\u00e4gen und Produkten erm\u00f6glicht.<\/td><\/tr><tr><td>smartcanteen.eu<\/td><td>wordpress_[hash]<\/td><td>bis der Browser geschlossen wird<\/td><td>Session-Cookie, das die ordnungsgem\u00e4\u00dfe Funktion des Benutzerbedienfelds erm\u00f6glicht.<\/td><\/tr><tr><td>smartcanteen.eu<\/td><td>wordpress_eingeloggt_[Raute]<\/td><td>bis der Browser geschlossen wird<\/td><td>Session-Cookie, das die ordnungsgem\u00e4\u00dfe Funktion des Benutzerbedienfelds erm\u00f6glicht.<\/td><\/tr><tr><td>smartcanteen.eu<\/td><td>wp-einstellungen-{time}-[UID]<\/td><td>bis der Browser geschlossen wird<\/td><td>Session-Cookie, das die ordnungsgem\u00e4\u00dfe Funktion des Benutzerbedienfelds erm\u00f6glicht.<\/td><\/tr><tr><td>Google Analytics<\/td><td>_ga cookie<\/td><td>730 Tage<\/td><td>Cookie zur Erkennung eindeutiger Besucher.<\/td><\/tr><tr><td>Google Analytics<\/td><td>_gat cookie<\/td><td>60 Sekunden<\/td><td>Cookie zur Regulierung der Anfragerate.<\/td><\/tr><tr><td>Google Analytics<\/td><td>_gid cookie<\/td><td>24 Stunden<\/td><td>Cookie zur Erkennung von Besuchern.<\/td><\/tr><\/tbody><\/table><\/figure>\n\n<h2 class=\"gb-headline gb-headline-94e48f86 gb-headline-text\">Cookies deaktivieren<\/h2>\n\n<p class=\"gb-headline gb-headline-774d14b5 gb-headline-text\">Sie entscheiden, ob Sie die Speicherung von Cookies auf Ihrem Ger\u00e4t zulassen. Sie k\u00f6nnen Ihre Cookie-Einstellungen in Ihrem Webbrowser kontrollieren und \u00e4ndern. F\u00fcr Informationen zu den Cookie-Einstellungen w\u00e4hlen Sie den Webbrowser, den Sie verwenden.  <\/p>\n\n<ul class=\"wp-block-list\">\n<li><a href=\"https:\/\/support.microsoft.com\/sl-si\/products\/windows?os=windows-7\" target=\"_blank\" rel=\"noreferrer noopener nofollow\">Internet Explorer 9<\/a><\/li>\n\n\n\n<li><a href=\"https:\/\/support.microsoft.com\/sl-si\/help\/17442\/windows-internet-explorer-delete-manage-cookies\" target=\"_blank\" rel=\"noreferrer noopener nofollow\">Internet Explorer 7 in 8<\/a><\/li>\n\n\n\n<li><a href=\"https:\/\/support.mozilla.org\/sl\/kb\/kako-omogocite-onemogocite-piskotke?redirectlocale=sl&amp;redirectslug=Kako+aktivirate+in+deaktivirate+pi%C5%A1kote\" target=\"_blank\" rel=\"noreferrer noopener nofollow\">Mozzila Firefox<\/a><\/li>\n\n\n\n<li><a href=\"https:\/\/support.google.com\/chrome\/answer\/95647?hl=sl-sl&amp;p=cpn_cookies\" target=\"_blank\" rel=\"noreferrer noopener nofollow\">Chrome<\/a><\/li>\n\n\n\n<li><a href=\"https:\/\/support.apple.com\/kb\/PH19214?locale=sl_SI\" target=\"_blank\" rel=\"noreferrer noopener nofollow\">Safari<\/a><\/li>\n\n\n\n<li><a href=\"http:\/\/www.opera.com\/help\/tutorials\/security\/cookies\/\" target=\"_blank\" rel=\"noreferrer noopener nofollow\">Opera<\/a><\/li>\n<\/ul>\n\n<p class=\"gb-headline gb-headline-3d5c18d6 gb-headline-text\">Wenn Sie Cookies deaktivieren, wird die smartcanteen.eu-Website nicht vollst\u00e4ndig funktionieren oder einige Funktionen werden deaktiviert sein.<\/p>\n\n<p class=\"gb-headline gb-headline-bae9c048 gb-headline-text\">Sie k\u00f6nnen Ihre Cookie-Zustimmung widerrufen, indem Sie auf die Schaltfl\u00e4che unten klicken.<\/p>\n<p>[cookies_revoke]<\/p>\n","protected":false},"excerpt":{"rendered":"<p>Grundlagen Web-Cookies sind nichts Neues. Alle Website-Besucher haben bereits viele Cookies von verschiedenen Websites auf ihren Computern, Tablets und Mobiltelefonen gespeichert. Neu ist nur, &#8230; <a title=\"Cookies\" class=\"read-more\" href=\"https:\/\/smartcanteen.eu\/de\/cookies\" aria-label=\"Mehr Informationen \u00fcber Cookies\">Read more<\/a><\/p>\n","protected":false},"author":1,"featured_media":0,"parent":0,"menu_order":901,"comment_status":"closed","ping_status":"closed","template":"","meta":{"_acf_changed":false,"footnotes":""},"class_list":["post-5039","page","type-page","status-publish"],"acf":[],"_links":{"self":[{"href":"https:\/\/smartcanteen.eu\/de\/wp-json\/wp\/v2\/pages\/5039","targetHints":{"allow":["GET"]}}],"collection":[{"href":"https:\/\/smartcanteen.eu\/de\/wp-json\/wp\/v2\/pages"}],"about":[{"href":"https:\/\/smartcanteen.eu\/de\/wp-json\/wp\/v2\/types\/page"}],"author":[{"embeddable":true,"href":"https:\/\/smartcanteen.eu\/de\/wp-json\/wp\/v2\/users\/1"}],"replies":[{"embeddable":true,"href":"https:\/\/smartcanteen.eu\/de\/wp-json\/wp\/v2\/comments?post=5039"}],"version-history":[{"count":6,"href":"https:\/\/smartcanteen.eu\/de\/wp-json\/wp\/v2\/pages\/5039\/revisions"}],"predecessor-version":[{"id":5073,"href":"https:\/\/smartcanteen.eu\/de\/wp-json\/wp\/v2\/pages\/5039\/revisions\/5073"}],"wp:attachment":[{"href":"https:\/\/smartcanteen.eu\/de\/wp-json\/wp\/v2\/media?parent=5039"}],"curies":[{"name":"wp","href":"https:\/\/api.w.org\/{rel}","templated":true}]}}