{"id":5063,"date":"2024-12-05T17:10:35","date_gmt":"2024-12-05T16:10:35","guid":{"rendered":"https:\/\/smartcanteen.eu\/datenschutzbestimmungen"},"modified":"2025-12-03T18:51:01","modified_gmt":"2025-12-03T17:51:01","slug":"datenschutzbestimmungen","status":"publish","type":"page","link":"https:\/\/smartcanteen.eu\/de\/datenschutzbestimmungen","title":{"rendered":"Datenschutzbestimmungen"},"content":{"rendered":"\n<h3 class=\"wp-block-heading\">Data Controller<\/h3>\n\n<p>Der f\u00fcr die Datenverarbeitung Verantwortliche ist <strong>Eggmedia d.o.o.<\/strong>, Kidri\u010deva ulica 24, 3000 Celje, Umsatzsteuer-ID: SI69236674, Registrierungs-Nr.: 6837786000.<\/p>\n\n<h3 class=\"wp-block-heading\">Welche pers\u00f6nlichen Daten wir sammeln und warum<\/h3>\n\n<h4 class=\"wp-block-heading\">Kommentare<\/h4>\n\n<p>Wenn Besucher Kommentare auf der Website hinterlassen, sammeln wir die Daten, die im Kommentarformular angezeigt werden, sowie die IP-Adresse des Besuchers und den User-Agent-String des Browsers, um die Spam-Erkennung zu erleichtern.<\/p>\n\n<p>Eine anonymisierte Zeichenfolge, die aus Ihrer E-Mail-Adresse erstellt wird (auch Hash genannt), kann dem Gravatar-Dienst zur Verf\u00fcgung gestellt werden, um zu sehen, ob Sie ihn verwenden. Die Datenschutzrichtlinien des Gravatar-Dienstes finden Sie hier: <g id=\"gid_0\">https:\/\/automattic.com\/privacy\/.<\/g> Nach der Freigabe Ihres Kommentars ist Ihr Profilbild im Zusammenhang mit Ihrem Kommentar \u00f6ffentlich sichtbar.  <\/p>\n\n<h4 class=\"wp-block-heading\">Medien<\/h4>\n\n<p>\u00dcber Online-Formulare erheben wir die f\u00fcr die Kontaktaufnahme, Mitgliedschaft oder Anfragen von B\u00fcrgern unbedingt erforderlichen Daten. Es werden nur die Daten erfasst, die in dem jeweiligen Online-Formular angegeben sind. Wenn Sie Bilder auf die Website hochladen, sollten Sie es vermeiden, Bilder hochzuladen, die eingebettete Standortdaten (EXIF-GPS) enthalten. Besucher der Website k\u00f6nnen alle Standortdaten von Bildern auf der Website herunterladen und extrahieren.   <\/p>\n\n<h4 class=\"wp-block-heading\">Kontaktformulare<\/h4>\n\n<p><em>(Hinweis: In Ihrem Quelltext wurde die Medienwarnung hier wiederholt. Wenn Sie beabsichtigten, Kontaktformulare zu beschreiben, finden Sie den Standardtext weiter unten. Wenn Sie eine direkte \u00dcbersetzung Ihres Ausgangstextes w\u00fcnschen, wird hier die Bildwarnung wiederholt)<\/em>: Wenn Sie Bilder auf die Website hochladen, sollten Sie es vermeiden, Bilder hochzuladen, die eingebettete Standortdaten (EXIF-GPS) enthalten. Besucher der Website k\u00f6nnen alle Standortdaten von Bildern auf der Website herunterladen und extrahieren. <\/p>\n\n<h4 class=\"wp-block-heading\">Eingebettete Inhalte von anderen Websites<\/h4>\n\n<p>Artikel auf dieser Website k\u00f6nnen eingebettete Inhalte enthalten (z. B. Videos, Bilder, Karten usw.). Eingebettete Inhalte von anderen Websites verhalten sich genau so, als ob der Besucher die andere Website besucht h\u00e4tte. <\/p>\n\n<p>Diese Websites k\u00f6nnen Daten \u00fcber Sie sammeln, Cookies verwenden, zus\u00e4tzliche Trackingfunktionen von Drittanbietern einbetten und Ihre Interaktion mit diesen eingebetteten Inhalten \u00fcberwachen, einschlie\u00dflich der Verfolgung Ihrer Interaktion mit den eingebetteten Inhalten, wenn Sie ein Konto haben und auf dieser Website angemeldet sind.<\/p>\n\n<p>Beispiele f\u00fcr solche eingebetteten Inhaltsanbieter: Soziale Netzwerke (Facebook, Instagram, X, Linkedin, &#8230;), Videoplattformen (YouTube, &#8230;), Kartenplattformen (Google Maps, Apple Maps, Najdi.si maps, &#8230;) und andere.<\/p>\n\n<h3 class=\"wp-block-heading\">Mit wem wir Ihre Daten teilen<\/h3>\n\n<p>Wenn Sie eine Passwortr\u00fccksetzung anfordern, wird Ihre IP-Adresse in der R\u00fccksetzungs-E-Mail enthalten sein.<\/p>\n\n<h3 class=\"wp-block-heading\">Webanalyse<\/h3>\n\n<p>Die Website benutzt Google Analytics, einen Webanalysedienst der Google Inc. (&#8222;Google&#8220;). Google Analytics verwendet sog. &#8222;Cookies&#8220;, Textdateien, die in Ihrem Browser gespeichert werden und die eine Analyse der Benutzung der Website durch Sie erm\u00f6glichen. Die durch den Cookie gespeicherten Informationen \u00fcber Ihren Besuch auf der Website (einschlie\u00dflich Ihrer IP-Adresse) werden an einen Server von Google gesendet. Auf der Website wird die Anonymisierungsfunktion &#8222;_anonymizeIp ()&#8220; f\u00fcr IP-Adressen verwendet, so dass Google die Adresse nur in gek\u00fcrzter Form speichern und verarbeiten wird. Google wird die erfassten Daten verwenden, um Ihren Besuch auf der Website auszuwerten, um Berichte \u00fcber Ihre Surfaktivit\u00e4ten f\u00fcr die Website-Administratoren zu erstellen und um weitere mit der Nutzung der Website und des Internets verbundene Dienstleistungen zu erbringen. Auch wird Google diese Daten gegebenenfalls an Dritte \u00fcbertragen, sofern dies gesetzlich vorgeschrieben ist oder soweit Dritte diese Daten im Auftrag von Google verarbeiten. Google wird in keinem Fall Ihre IP-Adresse mit anderen Daten von Google in Verbindung bringen. Sie k\u00f6nnen die Erfassung und Speicherung der Daten durch Google Analytics grunds\u00e4tzlich jederzeit verhindern, indem Sie die unter <a target=\"_blank\" rel=\"noreferrer noopener nofollow\" href=\"http:\/\/tools.google.com\/dlpage\/gaoptout?hl=en&amp;authuser=1\">http:\/\/tools.google.com\/dlpage\/gaoptout?hl=en<\/a> verf\u00fcgbare Browsererweiterung installieren, die dann wirksam bleibt. Durch die Nutzung dieser Website erkl\u00e4ren Sie sich mit der Bearbeitung der \u00fcber Sie erhobenen Daten durch Google in der zuvor beschriebenen Art und Weise und zu dem zuvor benannten Zweck einverstanden. Wenn Sie nicht m\u00f6chten, dass Daten \u00fcber Ihren Besuch auf dieser Website an Google Analytics gesendet werden, k\u00f6nnen Sie die Erweiterung f\u00fcr Ihren Webbrowser hier herunterladen: <a target=\"_blank\" rel=\"noreferrer noopener nofollow\" href=\"http:\/\/tools.google.com\/dlpage\/gaoptout?hl=en&amp;authuser=1\">http:\/\/tools.google.com<sup><\/sup>\/dlpage\/gaoptout ?hl=de<\/a>.         <sup><\/sup><sup><\/sup><\/p>\n\n<h3 class=\"wp-block-heading\">Wie lange wir Ihre Daten aufbewahren<sup><\/sup><sup><\/sup><\/h3>\n\n<p>Wenn Sie einen Kommentar hinterlassen, werden der Kommentar und seine Metadaten auf unbestimmte Zeit gespeichert. Auf diese Weise k\u00f6nnen wir Folgekommentare automatisch auf<sup><\/sup>erkennen und genehmigen, anstatt sie in einer Moderationswarteschlange zu halten. <\/p>\n\n<p>F\u00fcr Benutzer, die sich auf unserer Website registrieren (falls vorhanden), speichern wir auch die pers\u00f6nlichen Daten, die sie in ihrem Benutzerprofil angeben. Alle Benutzer k\u00f6nnen ihre pers\u00f6nlichen Daten jederzeit einsehen, bearbeiten oder l\u00f6schen (au\u00dfer sie k\u00f6nnen ihren Benutzernamen nicht \u00e4ndern). Website-Administratoren k\u00f6nnen diese Informationen ebenfalls einsehen und bearbeiten.  <\/p>\n\n<h3 class=\"wp-block-heading\">Welche Rechte Sie \u00fcber Ihre Daten haben<\/h3>\n\n<p>Wenn Sie ein Konto auf dieser Website haben oder Kommentare hinterlassen haben, k\u00f6nnen Sie eine exportierte Datei mit den personenbezogenen Daten anfordern, die wir \u00fcber Sie gespeichert haben, einschlie\u00dflich aller Daten, die Sie uns zur Verf\u00fcgung gestellt haben. Sie k\u00f6nnen auch verlangen, dass wir alle personenbezogenen Daten, die wir \u00fcber Sie gespeichert haben, l\u00f6schen. Dies gilt nicht f\u00fcr Daten, die wir aus administrativen, rechtlichen oder Sicherheitsgr\u00fcnden aufbewahren m\u00fcssen.  <\/p>\n\n<h3 class=\"wp-block-heading\">Wohin wir Ihre Daten senden<\/h3>\n\n<p>Besucherkommentare k\u00f6nnen durch einen automatischen Spam-Erkennungsdienst \u00fcberpr\u00fcft werden.<\/p>\n","protected":false},"excerpt":{"rendered":"<p>Data Controller Der f\u00fcr die Datenverarbeitung Verantwortliche ist Eggmedia d.o.o., Kidri\u010deva ulica 24, 3000 Celje, Umsatzsteuer-ID: SI69236674, Registrierungs-Nr.: 6837786000. Welche pers\u00f6nlichen Daten wir sammeln &#8230; <a title=\"Datenschutzbestimmungen\" class=\"read-more\" href=\"https:\/\/smartcanteen.eu\/de\/datenschutzbestimmungen\" aria-label=\"Mehr Informationen \u00fcber Datenschutzbestimmungen\">Read more<\/a><\/p>\n","protected":false},"author":1,"featured_media":0,"parent":0,"menu_order":900,"comment_status":"closed","ping_status":"closed","template":"","meta":{"_acf_changed":false,"footnotes":""},"class_list":["post-5063","page","type-page","status-publish"],"acf":[],"_links":{"self":[{"href":"https:\/\/smartcanteen.eu\/de\/wp-json\/wp\/v2\/pages\/5063","targetHints":{"allow":["GET"]}}],"collection":[{"href":"https:\/\/smartcanteen.eu\/de\/wp-json\/wp\/v2\/pages"}],"about":[{"href":"https:\/\/smartcanteen.eu\/de\/wp-json\/wp\/v2\/types\/page"}],"author":[{"embeddable":true,"href":"https:\/\/smartcanteen.eu\/de\/wp-json\/wp\/v2\/users\/1"}],"replies":[{"embeddable":true,"href":"https:\/\/smartcanteen.eu\/de\/wp-json\/wp\/v2\/comments?post=5063"}],"version-history":[{"count":2,"href":"https:\/\/smartcanteen.eu\/de\/wp-json\/wp\/v2\/pages\/5063\/revisions"}],"predecessor-version":[{"id":5065,"href":"https:\/\/smartcanteen.eu\/de\/wp-json\/wp\/v2\/pages\/5063\/revisions\/5065"}],"wp:attachment":[{"href":"https:\/\/smartcanteen.eu\/de\/wp-json\/wp\/v2\/media?parent=5063"}],"curies":[{"name":"wp","href":"https:\/\/api.w.org\/{rel}","templated":true}]}}