{"id":5066,"date":"2024-12-05T20:21:02","date_gmt":"2024-12-05T19:21:02","guid":{"rendered":"https:\/\/smartcanteen.eu\/haeufig-gestellte-fragen"},"modified":"2025-12-03T18:51:26","modified_gmt":"2025-12-03T17:51:26","slug":"haeufig-gestellte-fragen","status":"publish","type":"page","link":"https:\/\/smartcanteen.eu\/de\/haeufig-gestellte-fragen","title":{"rendered":"H\u00e4ufig gestellte Fragen"},"content":{"rendered":"<section class=\"gb-container gb-container-da517de7\">\n<div class=\"gb-container gb-container-ef3dbd99\">\n\n<h1 class=\"gb-headline gb-headline-b18fc06c gb-headline-text\">H\u00e4ufig gestellte Fragen<\/h1>\n\n<\/div>\n<\/section><section class=\"gb-container gb-container-098c2fd1 qa-group\" id=\"canteen-management\">\n<div class=\"gb-container gb-container-b4f2ad8d\">\n\n<h2 class=\"gb-headline gb-headline-7c9df4f8 gb-headline-text\">Verwaltung der Kantine<\/h2>\n\n\n\n<details class=\"wp-block-details is-layout-flow wp-block-details-is-layout-flow\"><summary>Bieten Sie spezielle L\u00f6sungen an? Ist das m\u00f6glich? <\/summary>\n<p>Ja, unser System ist so konzipiert, dass es vollst\u00e4ndig an Ihre spezifischen Anforderungen angepasst werden kann. Dar\u00fcber hinaus ber\u00e4t Sie unser erfahrenes Expertenteam \u00fcber die optimalsten, auf Ihre Bed\u00fcrfnisse zugeschnittenen L\u00f6sungen. <\/p>\n<\/details>\n\n\n\n<details class=\"wp-block-details is-layout-flow wp-block-details-is-layout-flow\"><summary>Wie k\u00f6nnen Sie uns die n\u00f6tige Unterst\u00fctzung geben?<\/summary>\n<p>Per Telefon oder E-Mail. 2 Stunden Support pro Monat sind kostenlos, da der Support in den monatlichen Wartungskosten der Registrierkassen enthalten ist. <\/p>\n<\/details>\n\n\n\n<details class=\"wp-block-details is-layout-flow wp-block-details-is-layout-flow\"><summary>Wir m\u00f6chten interne Gesch\u00e4ftsprozesse optimieren. K\u00f6nnen Sie uns dabei helfen?<\/summary>\n<p>Ja, nat\u00fcrlich. Wir sind auf die Optimierung von Gesch\u00e4ftsprozessen spezialisiert und helfen Ihrem Unternehmen gerne dabei, seine Abl\u00e4ufe zu verbessern. <\/p>\n<\/details>\n\n\n\n<details class=\"wp-block-details is-layout-flow wp-block-details-is-layout-flow\"><summary>Erlauben Sie die Integration mit anderen Systemen?<\/summary>\n<p>Unser System erm\u00f6glicht die einfache Integration mit verschiedenen externen Systemen, so dass Sie Ihre Gesch\u00e4ftsprozesse optimieren k\u00f6nnen. Alle Integrationen sind so konzipiert, dass die h\u00f6chstm\u00f6gliche Datensicherheit gew\u00e4hrleistet ist. Wir unterst\u00fctzen verschiedene HR-, Hotel-, Buchhaltungs-, ERP- und andere Gesch\u00e4ftssysteme. Mehr \u00fcber die unterst\u00fctzten externen Systeme erfahren Sie im Abschnitt &#8222;Externe Systeme (Links)&#8220;.   <\/p>\n<\/details>\n\n\n\n<details class=\"wp-block-details is-layout-flow wp-block-details-is-layout-flow\"><summary>Erlauben Sie die Integration mit anderer Hardware?<\/summary>\n<p>Unser System l\u00e4sst sich nahtlos mit verschiedenen Arten von Hardware verbinden, die Sie in Ihrem Gesch\u00e4ft verwenden. Wir unterst\u00fctzen eine breite Palette, darunter verschiedene Arten von Kartenlesern, alle POS-Terminals, ORDERMAN, Barcode-Leser, Waagen, Drucker usw. Mehr dazu erfahren Sie im Abschnitt &#8222;Hardware (Links)&#8220;.  <\/p>\n<\/details>\n\n\n\n<details class=\"wp-block-details is-layout-flow wp-block-details-is-layout-flow\"><summary>K\u00f6nnen Sie uns helfen, optimale Mahlzeiten zu kreieren und Lebensmittelabf\u00e4lle zu reduzieren?<\/summary>\n<p>Auf jeden Fall. Die Kombination aus k\u00fcnstlicher Intelligenz und umfangreichen Analysen in EggPOS erm\u00f6glicht es Ihnen, fundiertere Entscheidungen zu treffen. Unsere L\u00f6sung schl\u00e4gt nicht nur optimale Men\u00fcs vor, sondern analysiert auch die Effizienz Ihrer aktuellen Prozesse und gibt Ihnen konkrete Empfehlungen f\u00fcr Verbesserungen. Mit detaillierten Verkaufs- und Bestandsberichten k\u00f6nnen Sie genau verfolgen, welche Produkte bei Ihren Kunden am beliebtesten sind und welche auf Lager bleiben. So k\u00f6nnen Sie Ihre Men\u00fcs entsprechend der saisonalen Verf\u00fcgbarkeit von Lebensmitteln anpassen und die Menge der bestellten Produkte reduzieren.    <\/p>\n<\/details>\n\n\n\n<details class=\"wp-block-details is-layout-flow wp-block-details-is-layout-flow\"><summary>Wie schnell k\u00f6nnen Sie einen Benutzerservice oder andere Unterst\u00fctzung anbieten?<\/summary>\n<p>Die Reaktionszeit unseres Help Centers ist SOFORT. Wir werden Ihr Problem schnell und effizient l\u00f6sen. <\/p>\n<\/details>\n\n\n\n<details class=\"wp-block-details is-layout-flow wp-block-details-is-layout-flow\"><summary>Wie kosteneffizient ist die Kantinenmanagement-L\u00f6sung?<\/summary>\n<p>Unsere L\u00f6sungen sind modular und flexibel, d.h. Sie k\u00f6nnen die Funktionen ausw\u00e4hlen, die Sie wirklich ben\u00f6tigen. So k\u00f6nnen Sie eine L\u00f6sung erstellen, die perfekt auf Ihre Bed\u00fcrfnisse und Ihr Budget zugeschnitten ist. Auf diese Weise k\u00f6nnen Sie Ihre Investition optimieren und einen maximalen Nutzen erzielen.  <\/p>\n<\/details>\n\n\n\n<details class=\"wp-block-details is-layout-flow wp-block-details-is-layout-flow\"><summary>Wie lange dauert die Implementierung in der Regel?<\/summary>\n<p>Der Zeitrahmen f\u00fcr die Implementierung h\u00e4ngt von den spezifischen Anforderungen und der Komplexit\u00e4t Ihres Unternehmens ab. Unser erfahrenes Team wird eng mit Ihnen zusammenarbeiten, um einen pers\u00f6nlichen Implementierungsplan zu entwickeln. Wir bem\u00fchen uns, die Unterbrechung Ihres Tagesgesch\u00e4fts zu minimieren und einen reibungslosen \u00dcbergang zu gew\u00e4hrleisten. Ein typischer Zeitrahmen f\u00fcr die Implementierung kann von einigen Tagen bis zu einigen Wochen reichen.   <\/p>\n<\/details>\n\n\n\n<details class=\"wp-block-details is-layout-flow wp-block-details-is-layout-flow\"><summary>Bieten Sie Schulungen f\u00fcr Ihr System an?<\/summary>\n<p>Ja, eine umfassende Schulung ist in unserem Service enthalten. Unsere erfahrenen Trainer schulen Ihre Mitarbeiter in allen Aspekten des Systems, einschlie\u00dflich der Dateneingabe, der Auftragsverarbeitung, der Berichterstellung und vielem mehr. Au\u00dferdem bieten wir fortlaufende Unterst\u00fctzung und Ressourcen, damit Ihr Team das System effektiv nutzen kann.  <\/p>\n<\/details>\n\n\n\n<details class=\"wp-block-details is-layout-flow wp-block-details-is-layout-flow\"><summary>Wie sieht Ihre Datensicherheitspolitik aus?<\/summary>\n<p>Datensicherheit ist oberstes Gebot. Wir setzen branchenf\u00fchrende Sicherheitsma\u00dfnahmen ein, darunter robuste Verschl\u00fcsselung, Zugangskontrollen und regelm\u00e4\u00dfige Sicherheitsaudits, um die Vertraulichkeit und Integrit\u00e4t Ihrer Daten zu gew\u00e4hrleisten. Unsere Systeme werden in sicheren Rechenzentren mit redundanten Backups gehostet, um das Risiko eines Datenverlusts zu minimieren.&#8220;  <\/p>\n<\/details>\n\n<\/div>\n<\/section><section class=\"gb-container gb-container-ab11d516 qa-group\" id=\"pos-systems\">\n<div class=\"gb-container gb-container-73aeaafa\">\n\n<h2 class=\"gb-headline gb-headline-eaea9312 gb-headline-text\">POS-Systeme<\/h2>\n\n\n\n<details class=\"wp-block-details is-layout-flow wp-block-details-is-layout-flow\"><summary>Wie schnell k\u00f6nnen wir damit rechnen, EggPOS an unserem Standort einsetzen zu k\u00f6nnen?<\/summary>\n<p>In der Regel dauert es 1 Arbeitstag ab dem Zeitpunkt Ihrer Bestellung, bis unser System eingerichtet ist.<\/p>\n<\/details>\n\n\n\n<details class=\"wp-block-details is-layout-flow wp-block-details-is-layout-flow\"><summary>Sind wir durch die Anzahl der POS-Terminals eingeschr\u00e4nkt?<\/summary>\n<p>Nein, es gibt keine Begrenzung f\u00fcr die Anzahl der POS-Terminals, die Sie verwenden k\u00f6nnen.<\/p>\n<\/details>\n\n\n\n<details class=\"wp-block-details is-layout-flow wp-block-details-is-layout-flow\"><summary>Werden ausgestellte Quittungen automatisch mit der Steuerbeh\u00f6rde synchronisiert?<\/summary>\n<p>Ja.<\/p>\n<\/details>\n\n\n\n<details class=\"wp-block-details is-layout-flow wp-block-details-is-layout-flow\"><summary>Bieten Sie auch passende Hardware an?<\/summary>\n<p>Ja, unser Team ber\u00e4t Sie, liefert und richtet die gesamte erforderliche Hardware ein.<\/p>\n<\/details>\n\n\n\n<details class=\"wp-block-details is-layout-flow wp-block-details-is-layout-flow\"><summary>Wo werden die Daten gespeichert?<\/summary>\n<p>Alle Daten werden in der Cloud gespeichert und k\u00f6nnen jederzeit und \u00fcberall abgerufen werden. Im Falle eines Hardwareausfalls sind Ihre Daten vor Verlust gesch\u00fctzt. <\/p>\n<\/details>\n\n\n\n<details class=\"wp-block-details is-layout-flow wp-block-details-is-layout-flow\"><summary>Erlauben Sie die Integration mit anderen Systemen?<\/summary>\n<p>Unser System erm\u00f6glicht die einfache Integration mit verschiedenen externen Systemen, so dass Sie Ihre Gesch\u00e4ftsprozesse optimieren k\u00f6nnen. Alle Integrationen sind so konzipiert, dass die h\u00f6chstm\u00f6gliche Datensicherheit gew\u00e4hrleistet ist. Wir unterst\u00fctzen verschiedene HR-, Hotel-, Buchhaltungs-, ERP- und andere Gesch\u00e4ftssysteme. Mehr \u00fcber die unterst\u00fctzten externen Systeme erfahren Sie im Abschnitt &#8222;Externe Systeme (Links)&#8220;.   <\/p>\n<\/details>\n\n\n\n<details class=\"wp-block-details is-layout-flow wp-block-details-is-layout-flow\"><summary>Erlauben Sie die Integration mit anderer Hardware?<\/summary>\n<p>Unser System l\u00e4sst sich nahtlos mit verschiedenen Arten von Hardware verbinden, die Sie in Ihrem Gesch\u00e4ft verwenden. Wir unterst\u00fctzen eine breite Palette, darunter verschiedene Arten von Kartenlesern, alle POS-Terminals, ORDERMAN, Barcode-Leser, Waagen, Drucker usw. Mehr dazu erfahren Sie im Abschnitt &#8222;Hardware (Links)&#8220;.  <\/p>\n<\/details>\n\n\n\n<details class=\"wp-block-details is-layout-flow wp-block-details-is-layout-flow\"><summary>Wie kosteneffektiv sind Ihre Dienstleistungen?<\/summary>\n<p>Wir halten unsere EggPOS Dienstleistungen f\u00fcr verschiedene Arten und Gr\u00f6\u00dfen von Unternehmen erschwinglich. Wir bieten erstklassige Technologie und Funktionalit\u00e4t zu wettbewerbsf\u00e4higen Preisen, die f\u00fcr verschiedene Budgets geeignet sind. Wir glauben, dass eine hochwertige L\u00f6sung f\u00fcr die Verwaltung Ihres Unternehmens nicht unerreichbar sein sollte.  <\/p>\n<\/details>\n\n\n\n<details class=\"wp-block-details is-layout-flow wp-block-details-is-layout-flow\"><summary>Kann ich das Aussehen der Quittungen individuell gestalten?<\/summary>\n<p>Ja, Sie k\u00f6nnen das Aussehen Ihrer Quittungen anpassen, um Ihre Markenidentit\u00e4t widerzuspiegeln. Sie k\u00f6nnen es anpassen: <\/p>\n\n\n\n<ul class=\"wp-block-list\">\n<li><strong>Logo:<\/strong> F\u00fcgen Sie den Quittungen Ihr Firmenlogo hinzu.<\/li>\n\n\n\n<li><strong>Kopfzeile und Fu\u00dfzeile:<\/strong> F\u00fcgen Sie Unternehmensinformationen, Kontaktdaten und andere relevante Informationen ein.<\/li>\n\n\n\n<li><strong>Layout:<\/strong> Passen Sie das Layout und die Schriftgr\u00f6\u00dfe an, um die Lesbarkeit zu verbessern.<\/li>\n\n\n\n<li><strong>Text:<\/strong> F\u00fcgen Sie Ihren Quittungen eine individuelle Nachricht oder ein Dankesch\u00f6n hinzu.<\/li>\n<\/ul>\n<\/details>\n\n\n\n<details class=\"wp-block-details is-layout-flow wp-block-details-is-layout-flow\"><summary>Wie gehe ich mit R\u00fcckgaben und Erstattungen um?<\/summary>\n<p>EggPOS bietet einen unkomplizierten Prozess f\u00fcr die Bearbeitung von R\u00fcckgaben und Erstattungen.<\/p>\n\n\n\n<ul class=\"wp-block-list\">\n<li>Sie k\u00f6nnen problemlos Verk\u00e4ufe stornieren, R\u00fcckerstattungen ausstellen und Gutschriften erstellen.<\/li>\n\n\n\n<li>Das System aktualisiert automatisch den Lagerbestand und die Verkaufsunterlagen entsprechend.<\/li>\n\n\n\n<li>Sie k\u00f6nnen detaillierte Berichte erstellen, um R\u00fcckgaben zu verfolgen und m\u00f6gliche Probleme zu erkennen.<\/li>\n<\/ul>\n<\/details>\n\n\n\n<details class=\"wp-block-details is-layout-flow wp-block-details-is-layout-flow\"><summary>Gibt es eine mobile App f\u00fcr die Verwaltung des Systems?<\/summary>\n<p>Eine spezielle mobile App zur Verwaltung des gesamten Systems ist zwar noch nicht verf\u00fcgbar, aber EggPOS ist f\u00fcr eine optimale Leistung auf Tablets und anderen mobilen Ger\u00e4ten ausgelegt.<\/p>\n\n\n\n<ul class=\"wp-block-list\">\n<li>Dies erm\u00f6glicht eine flexible Nutzung an verschiedenen Orten in Ihrem Unternehmen.<\/li>\n\n\n\n<li>Wir untersuchen st\u00e4ndig M\u00f6glichkeiten zur Verbesserung der mobilen Funktionalit\u00e4t und werden m\u00f6glicherweise in zuk\u00fcnftigen Updates mobile-spezifische Funktionen einf\u00fchren.<\/li>\n<\/ul>\n<\/details>\n\n<\/div>\n<\/section><section class=\"gb-container gb-container-523d1b4e qa-group\" id=\"general-questions\">\n<div class=\"gb-container gb-container-2b849212\">\n\n<h2 class=\"gb-headline gb-headline-c5632a4d gb-headline-text\">Allgemeine Fragen<\/h2>\n\n\n\n<details class=\"wp-block-details is-layout-flow wp-block-details-is-layout-flow\"><summary>Wie bieten Sie Unterst\u00fctzung an?<\/summary>\n<p>Wir sind \u00fcber E-Mail, Telefon und Kontaktformular erreichbar. Alle Kontaktinformationen finden Sie <a href=\"https:\/\/smartcanteen.eu\/contact\" data-type=\"page\" data-id=\"40\">hier<\/a>. <\/p>\n<\/details>\n\n\n\n<details class=\"wp-block-details is-layout-flow wp-block-details-is-layout-flow\"><summary>Datenspeicherung und Sicherheit<\/summary>\n<p>Die Daten werden kontinuierlich gesichert. Die Daten werden in der Cloud gespeichert und k\u00f6nnen jederzeit und \u00fcberall abgerufen werden. <\/p>\n<\/details>\n\n\n\n<details class=\"wp-block-details is-layout-flow wp-block-details-is-layout-flow\"><summary>Was passiert mit den Daten im Falle eines Hardwareausfalls?<\/summary>\n<p>Die Daten werden in der Cloud gespeichert und sind daher vor Verlust gesch\u00fctzt. Im Falle eines Kassenverlusts oder -ausfalls k\u00f6nnen wir den Betrieb innerhalb von 1 Stunde wiederherstellen. <\/p>\n<\/details>\n\n\n\n<details class=\"wp-block-details is-layout-flow wp-block-details-is-layout-flow\"><summary>Einhaltung der Gesetzgebung<\/summary>\n<p>EggPOS wird in \u00dcbereinstimmung mit allen geltenden Gesetzen und Vorschriften entwickelt und gepflegt. Dies gilt auch f\u00fcr den Schutz personenbezogener Daten, die Datensicherheit und andere relevante rechtliche Anforderungen. Wir \u00fcberwachen regelm\u00e4\u00dfig die \u00c4nderungen in der Gesetzgebung und aktualisieren unser System, um die vollst\u00e4ndige Einhaltung zu gew\u00e4hrleisten. Aktualisierungen des Systems aufgrund von Steuer\u00e4nderungen sind kostenlos!   <\/p>\n<\/details>\n\n\n\n<details class=\"wp-block-details is-layout-flow wp-block-details-is-layout-flow\"><summary>Kontinuierliche Entwicklung und zus\u00e4tzliche Funktionalit\u00e4ten<\/summary>\n<p>Wir engagieren uns f\u00fcr die kontinuierliche Weiterentwicklung der EggPOS und EggCanteen Systeme. Wir h\u00f6ren regelm\u00e4\u00dfig auf das Feedback unserer Kunden und entwickeln auf dieser Grundlage neue Funktionen, die Ihr Gesch\u00e4ft weiter verbessern werden. In letzter Zeit haben wir uns auf die Integration von KI-L\u00f6sungen und die Entwicklung fortschrittlicher Analysetools und Module f\u00fcr eine intelligente und automatisierte Bestandsverwaltung konzentriert. Mehr \u00fcber unsere Projekte erfahren Sie auf der Seite &#8222;Module&#8220;.   <\/p>\n<\/details>\n\n\n\n<details class=\"wp-block-details is-layout-flow wp-block-details-is-layout-flow\"><summary>Implementierung von KI-L\u00f6sungen<\/summary>\n<p>Wir treten in eine neue \u00c4ra der intelligenten Gesch\u00e4fte ein. Unsere innovative Plattform basiert auf den neuesten Errungenschaften der k\u00fcnstlichen Intelligenz. Mit dem EggAI-Modul k\u00f6nnen wir den Verzehr von Mahlzeiten genau vorhersagen, was zu weniger Lebensmittelverschwendung und optimierten Bestellungen f\u00fchrt. Unsere revolution\u00e4re Selbstbedienungskasse erkennt mit Hilfe der KI-Bildanalyse automatisch die Produkte auf einem Teller mit einer Genauigkeit von 99,8 %, was den Bezahlvorgang beschleunigt und Warteschlangen reduziert. Mit diesen L\u00f6sungen automatisieren wir nicht nur Prozesse, sondern verbessern auch die Effizienz und die Kundenzufriedenheit erheblich. Mehr \u00fcber unsere KI-gest\u00fctzten Projekte erfahren Sie auf der Seite &#8222;Module&#8220;.     <\/p>\n<\/details>\n\n\n\n<details class=\"wp-block-details is-layout-flow wp-block-details-is-layout-flow\"><summary>Welche Art von Unterst\u00fctzung ist im Basispaket enthalten?<\/summary>\n<ul class=\"wp-block-list\">\n<li>Das Basispaket umfasst <strong>E-Mail- und Telefon-Support<\/strong>w\u00e4hrend der \u00fcblichen Gesch\u00e4ftszeiten. Unser Team aus erfahrenen Fachleuten steht Ihnen bei allen Fragen und Problemen zur Seite. <\/li>\n\n\n\n<li>Au\u00dferdem haben Sie Zugang zu unserer <strong>Online-Wissensdatenbank<\/strong> und den <strong>Benutzerhandb\u00fcchern<\/strong> f\u00fcr die Selbsthilfe bei Problemen.<\/li>\n<\/ul>\n<\/details>\n\n\n\n<details class=\"wp-block-details is-layout-flow wp-block-details-is-layout-flow\"><summary>Wie oft wird das System aktualisiert?<\/summary>\n<ul class=\"wp-block-list\">\n<li>Wir ver\u00f6ffentlichen regelm\u00e4\u00dfig <strong>Software-Updates<\/strong>, um die Funktionalit\u00e4t des Systems zu erweitern, die Leistung zu verbessern und die Kompatibilit\u00e4t mit den neuesten Technologien zu gew\u00e4hrleisten.<\/li>\n\n\n\n<li>Diese Updates enthalten in der Regel <strong>Fehlerkorrekturen, Sicherheitsverbesserungen und neue Funktionen<\/strong>.<\/li>\n\n\n\n<li>Sie werden \u00fcber anstehende Aktualisierungen benachrichtigt und k\u00f6nnen selbst entscheiden, wann Sie diese implementieren m\u00f6chten.<\/li>\n<\/ul>\n<\/details>\n\n\n\n<details class=\"wp-block-details is-layout-flow wp-block-details-is-layout-flow\"><summary>Kann ich das System an meine speziellen Bed\u00fcrfnisse anpassen?<\/summary>\n<p>Unbedingt! EggPOS ist in hohem Ma\u00dfe anpassbar, um den einzigartigen Anforderungen Ihres Unternehmens gerecht zu werden.<br\/>Wir bieten eine Reihe von Anpassungsm\u00f6glichkeiten, darunter: <\/p>\n\n\n\n<ul class=\"wp-block-list\">\n<li><strong>Benutzerdefinierte Berichte:<\/strong> Erstellen Sie ma\u00dfgeschneiderte Berichte, um wichtige Leistungsindikatoren (KPIs) f\u00fcr Ihr Unternehmen zu verfolgen.<\/li>\n\n\n\n<li><strong>Workflow-Anpassungen:<\/strong> Passen Sie Workflows an Ihre spezifischen Gesch\u00e4ftsprozesse an.<\/li>\n\n\n\n<li><strong>Einstellungen f\u00fcr Benutzerrollen und Berechtigungen:<\/strong> Definieren Sie spezifische Zugriffsebenen und Berechtigungen f\u00fcr verschiedene Mitarbeiter.<\/li>\n\n\n\n<li><strong>Integration mit Anwendungen von Drittanbietern:<\/strong> Integrieren Sie EggPOS in andere Systeme, die Sie verwenden, wie z.B. Buchhaltungssoftware oder Kundenbindungsprogramme.<\/li>\n<\/ul>\n\n\n\n<p>Unser Team wird eng mit Ihnen zusammenarbeiten, um Ihre spezifischen Bed\u00fcrfnisse zu verstehen und die notwendigen Anpassungen zu implementieren.<\/p>\n<\/details>\n\n<\/div>\n<\/section>","protected":false},"excerpt":{"rendered":"<p>H\u00e4ufig gestellte Fragen Verwaltung der Kantine POS-Systeme Allgemeine Fragen<\/p>\n","protected":false},"author":1,"featured_media":0,"parent":0,"menu_order":104,"comment_status":"closed","ping_status":"closed","template":"","meta":{"_acf_changed":false,"footnotes":""},"class_list":["post-5066","page","type-page","status-publish"],"acf":[],"_links":{"self":[{"href":"https:\/\/smartcanteen.eu\/de\/wp-json\/wp\/v2\/pages\/5066","targetHints":{"allow":["GET"]}}],"collection":[{"href":"https:\/\/smartcanteen.eu\/de\/wp-json\/wp\/v2\/pages"}],"about":[{"href":"https:\/\/smartcanteen.eu\/de\/wp-json\/wp\/v2\/types\/page"}],"author":[{"embeddable":true,"href":"https:\/\/smartcanteen.eu\/de\/wp-json\/wp\/v2\/users\/1"}],"replies":[{"embeddable":true,"href":"https:\/\/smartcanteen.eu\/de\/wp-json\/wp\/v2\/comments?post=5066"}],"version-history":[{"count":2,"href":"https:\/\/smartcanteen.eu\/de\/wp-json\/wp\/v2\/pages\/5066\/revisions"}],"predecessor-version":[{"id":5069,"href":"https:\/\/smartcanteen.eu\/de\/wp-json\/wp\/v2\/pages\/5066\/revisions\/5069"}],"wp:attachment":[{"href":"https:\/\/smartcanteen.eu\/de\/wp-json\/wp\/v2\/media?parent=5066"}],"curies":[{"name":"wp","href":"https:\/\/api.w.org\/{rel}","templated":true}]}}