{"id":5294,"date":"2025-12-04T21:13:06","date_gmt":"2025-12-04T20:13:06","guid":{"rendered":"https:\/\/smartcanteen.eu\/impressum"},"modified":"2025-12-04T21:51:57","modified_gmt":"2025-12-04T20:51:57","slug":"impressum","status":"publish","type":"page","link":"https:\/\/smartcanteen.eu\/de\/impressum","title":{"rendered":"Impressum"},"content":{"rendered":"\n<p class=\"gb-headline gb-headline-8d5d6a03 gb-headline-text\"><strong>Website-Betreiber &amp; Dienstanbieter:<\/strong> EGGMEDIA d.o.o.  <\/p>\n\n<ul class=\"wp-block-list\">\n<li>Kidri\u010deva ulica 24,<\/li>\n\n\n\n<li>3000 Celje,<\/li>\n\n\n\n<li>Slowenien<\/li>\n<\/ul>\n\n<p><strong>Vertreten durch:<\/strong> Jo\u017ee Stani\u0161a (Gesch\u00e4ftsf\u00fchrer \/ direktor)<\/p>\n\n<p class=\"gb-headline gb-headline-d9e6efc5 gb-headline-text\"><strong>Kontakt:<\/strong><\/p>\n\n<ul class=\"wp-block-list\">\n<li>Telefon: +386 64 229 200<\/li>\n\n\n\n<li>E-Mail: info@eggmedia.si<\/li>\n<\/ul>\n\n<p class=\"gb-headline gb-headline-3ddfa6ce gb-headline-text\"><strong>Eintrag registrieren:<\/strong><\/p>\n\n<ul class=\"wp-block-list\">\n<li>Eintrag in das slowenische Unternehmensregister (AJPES).<\/li>\n\n\n\n<li>Registrierendes Gericht: Bezirksgericht Celje (Okro\u017eno sodi\u0161\u010de Celje)<\/li>\n\n\n\n<li>Registrierungsnummer (Mati\u010dna \u0161tevilka): 8518572000<\/li>\n<\/ul>\n\n<p><strong>UMSATZSTEUER-ID<\/strong>: SI68907648<\/p>\n\n<p><strong>Verantwortlich f\u00fcr den Inhalt:<\/strong> Jo\u017ee Stani\u0161a, Kidri\u010deva ulica 24, 3000 Celje, Slowenien<\/p>\n\n<p><strong>Grundlegende Richtung des Mediums (Blattlinie):<\/strong> Informationen \u00fcber die Produkte und Dienstleistungen des Unternehmens sowie Nachrichten \u00fcber Kantinenmanagement und Softwarel\u00f6sungen.<\/p>\n\n<hr class=\"wp-block-separator has-alpha-channel-opacity\"\/>\n\n<p class=\"gb-headline gb-headline-1aa7dabe gb-headline-text\"><strong>Vertriebspartner f\u00fcr \u00d6sterreich:<\/strong> AlpVent GmbH<\/p>\n\n<ul class=\"wp-block-list\">\n<li>Toppelsdorf 49,<\/li>\n\n\n\n<li>A-9161 Maria Rain,<\/li>\n\n\n\n<li>\u00d6sterreich<\/li>\n<\/ul>\n\n<p><strong>UMSATZSTEUER-ID:<\/strong> ATU72190158<\/p>\n\n<p><strong>Registrierungsnummer des Unternehmens:<\/strong> FN 469889 p<\/p>\n\n<p class=\"gb-headline gb-headline-ea564edb gb-headline-text\"><strong>Kontakt f\u00fcr den Verkauf in \u00d6sterreich:<\/strong><\/p>\n\n<ul class=\"wp-block-list\">\n<li>Telefon: +43 664 877 17 00<\/li>\n\n\n\n<li>E-Mail: info@alpvent.com<\/li>\n<\/ul>\n","protected":false},"excerpt":{"rendered":"<p>Website-Betreiber &amp; Dienstanbieter: EGGMEDIA d.o.o. Vertreten durch: Jo\u017ee Stani\u0161a (Gesch\u00e4ftsf\u00fchrer \/ direktor) Kontakt: Eintrag registrieren: UMSATZSTEUER-ID: SI68907648 Verantwortlich f\u00fcr den Inhalt: Jo\u017ee Stani\u0161a, Kidri\u010deva &#8230; <a title=\"Impressum\" class=\"read-more\" href=\"https:\/\/smartcanteen.eu\/de\/impressum\" aria-label=\"Mehr Informationen \u00fcber Impressum\">Read more<\/a><\/p>\n","protected":false},"author":1,"featured_media":0,"parent":0,"menu_order":902,"comment_status":"closed","ping_status":"closed","template":"","meta":{"_acf_changed":false,"footnotes":""},"class_list":["post-5294","page","type-page","status-publish"],"acf":[],"_links":{"self":[{"href":"https:\/\/smartcanteen.eu\/de\/wp-json\/wp\/v2\/pages\/5294","targetHints":{"allow":["GET"]}}],"collection":[{"href":"https:\/\/smartcanteen.eu\/de\/wp-json\/wp\/v2\/pages"}],"about":[{"href":"https:\/\/smartcanteen.eu\/de\/wp-json\/wp\/v2\/types\/page"}],"author":[{"embeddable":true,"href":"https:\/\/smartcanteen.eu\/de\/wp-json\/wp\/v2\/users\/1"}],"replies":[{"embeddable":true,"href":"https:\/\/smartcanteen.eu\/de\/wp-json\/wp\/v2\/comments?post=5294"}],"version-history":[{"count":2,"href":"https:\/\/smartcanteen.eu\/de\/wp-json\/wp\/v2\/pages\/5294\/revisions"}],"predecessor-version":[{"id":5298,"href":"https:\/\/smartcanteen.eu\/de\/wp-json\/wp\/v2\/pages\/5294\/revisions\/5298"}],"wp:attachment":[{"href":"https:\/\/smartcanteen.eu\/de\/wp-json\/wp\/v2\/media?parent=5294"}],"curies":[{"name":"wp","href":"https:\/\/api.w.org\/{rel}","templated":true}]}}