{"id":4239,"date":"2024-12-05T18:31:10","date_gmt":"2024-12-05T17:31:10","guid":{"rendered":"https:\/\/eggos.eu\/?page_id=4239"},"modified":"2025-12-03T16:56:54","modified_gmt":"2025-12-03T15:56:54","slug":"kontakt","status":"publish","type":"page","link":"https:\/\/smartcanteen.eu\/sl\/kontakt","title":{"rendered":"Kontakt"},"content":{"rendered":"<div class=\"gb-container gb-container-8ede6eb0\">\n<div class=\"gb-container gb-container-c0501c26\">\n\n<h1 class=\"gb-headline gb-headline-e41d1720 gb-headline-text\">Stopite v stik<\/h1>\n\n\n\n<p class=\"gb-headline gb-headline-f23a5a47 gb-headline-text\">Stopite v stik s podporo za stranke, prodajo ali vodstvom. Svetovali vam bomo po najbolj\u0161ih mo\u010deh.<\/p>\n\n<\/div>\n<\/div>\n\n<div class=\"gb-container gb-container-bd0dd76e\">\n<div class=\"gb-container gb-container-a0c2fbbd\">\n<div class=\"gb-container gb-container-b30f479c\">\n<div class=\"gb-container gb-container-fcaa45f1\">\n<div class=\"gb-container gb-container-26ab8dd8\">\n\n<figure class=\"gb-block-image gb-block-image-92aa87d0\"><img decoding=\"async\" width=\"1024\" height=\"683\" class=\"gb-image gb-image-92aa87d0 lazyload\" data-src=\"https:\/\/smartcanteen.eu\/wp-content\/uploads\/2025\/01\/customer-support-1024x683.jpg\" alt=\"\" title=\"customer-support\" data-srcset=\"https:\/\/smartcanteen.eu\/wp-content\/uploads\/2025\/01\/customer-support-1024x683.jpg 1024w, https:\/\/smartcanteen.eu\/wp-content\/uploads\/2025\/01\/customer-support-300x200.jpg 300w, https:\/\/smartcanteen.eu\/wp-content\/uploads\/2025\/01\/customer-support-768x512.jpg 768w, https:\/\/smartcanteen.eu\/wp-content\/uploads\/2025\/01\/customer-support-1536x1024.jpg 1536w, https:\/\/smartcanteen.eu\/wp-content\/uploads\/2025\/01\/customer-support.jpg 1920w\" data-sizes=\"(max-width: 1024px) 100vw, 1024px\" src=\"data:image\/svg+xml;base64,PHN2ZyB3aWR0aD0iMSIgaGVpZ2h0PSIxIiB4bWxucz0iaHR0cDovL3d3dy53My5vcmcvMjAwMC9zdmciPjwvc3ZnPg==\" style=\"--smush-placeholder-width: 1024px; --smush-placeholder-aspect-ratio: 1024\/683;\" \/><\/figure>\n\n\n<div class=\"gb-container gb-container-a712dc77\">\n\n<h4 class=\"gb-headline gb-headline-9d1af272 gb-headline-text\">Podpora strankam<\/h4>\n\n\n\n<p class=\"gb-headline gb-headline-7b9dc43c gb-headline-text\">Ste \u017ee uporabnik na\u0161ih re\u0161itev? Sporo\u010dite nam, kako vam lahko pomagamo in oglasili se vam bomo v najkraj\u0161em \u010dasu.<\/p>\n\n\n\n<a class=\"gb-button gb-button-2706c93f\" href=\"tel:+38664229200\"><span class=\"gb-button-text\">+386 (0)64 229 200<\/span><span class=\"gb-icon\"><svg viewBox=\"0 0 16 16\" class=\"bi bi-telephone-outbound\" fill=\"currentColor\" height=\"16\" width=\"16\" xmlns=\"http:\/\/www.w3.org\/2000\/svg\">   <path d=\"M3.654 1.328a.678.678 0 0 0-1.015-.063L1.605 2.3c-.483.484-.661 1.169-.45 1.77a17.6 17.6 0 0 0 4.168 6.608 17.6 17.6 0 0 0 6.608 4.168c.601.211 1.286.033 1.77-.45l1.034-1.034a.678.678 0 0 0-.063-1.015l-2.307-1.794a.68.68 0 0 0-.58-.122l-2.19.547a1.75 1.75 0 0 1-1.657-.459L5.482 8.062a1.75 1.75 0 0 1-.46-1.657l.548-2.19a.68.68 0 0 0-.122-.58zM1.884.511a1.745 1.745 0 0 1 2.612.163L6.29 2.98c.329.423.445.974.315 1.494l-.547 2.19a.68.68 0 0 0 .178.643l2.457 2.457a.68.68 0 0 0 .644.178l2.189-.547a1.75 1.75 0 0 1 1.494.315l2.306 1.794c.829.645.905 1.87.163 2.611l-1.034 1.034c-.74.74-1.846 1.065-2.877.702a18.6 18.6 0 0 1-7.01-4.42 18.6 18.6 0 0 1-4.42-7.009c-.362-1.03-.037-2.137.703-2.877zM11 .5a.5.5 0 0 1 .5-.5h4a.5.5 0 0 1 .5.5v4a.5.5 0 0 1-1 0V1.707l-4.146 4.147a.5.5 0 0 1-.708-.708L14.293 1H11.5a.5.5 0 0 1-.5-.5\"><\/path> <\/svg><\/span><\/a>\n\n<\/div>\n<\/div>\n<\/div>\n\n<div class=\"gb-container gb-container-c634b5a5\">\n<div class=\"gb-container gb-container-ea40d30f\">\n\n<figure class=\"gb-block-image gb-block-image-b07f33d7\"><img decoding=\"async\" width=\"1024\" height=\"683\" class=\"gb-image gb-image-b07f33d7 lazyload\" data-src=\"https:\/\/smartcanteen.eu\/wp-content\/uploads\/2024\/12\/chef-in-kitchen-on-a-tablet.png\" alt=\"\" title=\"chef-in-kitchen-on-a-tablet\" data-srcset=\"https:\/\/smartcanteen.eu\/wp-content\/uploads\/2024\/12\/chef-in-kitchen-on-a-tablet.png 1024w, https:\/\/smartcanteen.eu\/wp-content\/uploads\/2024\/12\/chef-in-kitchen-on-a-tablet-300x200.png 300w, https:\/\/smartcanteen.eu\/wp-content\/uploads\/2024\/12\/chef-in-kitchen-on-a-tablet-768x512.png 768w\" data-sizes=\"(max-width: 1024px) 100vw, 1024px\" src=\"data:image\/svg+xml;base64,PHN2ZyB3aWR0aD0iMSIgaGVpZ2h0PSIxIiB4bWxucz0iaHR0cDovL3d3dy53My5vcmcvMjAwMC9zdmciPjwvc3ZnPg==\" style=\"--smush-placeholder-width: 1024px; --smush-placeholder-aspect-ratio: 1024\/683;\" \/><\/figure>\n\n\n<div class=\"gb-container gb-container-4c8393e1\">\n\n<h4 class=\"gb-headline gb-headline-f92650fb gb-headline-text\">Postanite stranka<\/h4>\n\n\n\n<p class=\"gb-headline gb-headline-65d2f488 gb-headline-text\">\u017delite posodobiti upravljanje menz in POS terminalov? Stopite v stik z nami in izvedite, kako vam lahko pomagamo.<\/p>\n\n\n\n<p class=\"gb-headline gb-headline-cc130a17 gb-headline-text\"><a href=\"tel:+38664229200\">+386 (0)64 229 200<\/a><\/p>\n\n\n\n<a class=\"gb-button gb-button-57671b14\" href=\"https:\/\/smartcanteen.eu\/sl\/zacnite\"><span class=\"gb-button-text\">Po\u0161ljite povpra\u0161evanje<\/span><span class=\"gb-icon\"><svg xmlns=\"http:\/\/www.w3.org\/2000\/svg\" width=\"16\" height=\"16\" fill=\"currentColor\" class=\"bi bi-arrow-right\" viewBox=\"0 0 16 16\">   <path fill-rule=\"evenodd\" d=\"M1 8a.5.5 0 0 1 .5-.5h11.793l-3.147-3.146a.5.5 0 0 1 .708-.708l4 4a.5.5 0 0 1 0 .708l-4 4a.5.5 0 0 1-.708-.708L13.293 8.5H1.5A.5.5 0 0 1 1 8\"><\/path> <\/svg><\/span><\/a>\n\n<\/div>\n<\/div>\n<\/div>\n\n<div class=\"gb-container gb-container-946f6d43\">\n<div class=\"gb-container gb-container-84fa1fc6\">\n\n<figure class=\"gb-block-image gb-block-image-672b5b41\"><img decoding=\"async\" width=\"1920\" height=\"1281\" class=\"gb-image gb-image-672b5b41 lazyload\" data-src=\"https:\/\/smartcanteen.eu\/wp-content\/uploads\/2025\/01\/general-enquiries.jpg\" alt=\"\" title=\"general-enquiries\" data-srcset=\"https:\/\/smartcanteen.eu\/wp-content\/uploads\/2025\/01\/general-enquiries.jpg 1920w, https:\/\/smartcanteen.eu\/wp-content\/uploads\/2025\/01\/general-enquiries-300x200.jpg 300w, https:\/\/smartcanteen.eu\/wp-content\/uploads\/2025\/01\/general-enquiries-1024x683.jpg 1024w, https:\/\/smartcanteen.eu\/wp-content\/uploads\/2025\/01\/general-enquiries-768x512.jpg 768w, https:\/\/smartcanteen.eu\/wp-content\/uploads\/2025\/01\/general-enquiries-1536x1025.jpg 1536w\" data-sizes=\"(max-width: 1920px) 100vw, 1920px\" src=\"data:image\/svg+xml;base64,PHN2ZyB3aWR0aD0iMSIgaGVpZ2h0PSIxIiB4bWxucz0iaHR0cDovL3d3dy53My5vcmcvMjAwMC9zdmciPjwvc3ZnPg==\" style=\"--smush-placeholder-width: 1920px; --smush-placeholder-aspect-ratio: 1920\/1281;\" \/><\/figure>\n\n\n<div class=\"gb-container gb-container-1f1dbaf7\">\n\n<h4 class=\"gb-headline gb-headline-c0ef2109 gb-headline-text\">Splo\u0161ne poizvedbe<\/h4>\n\n\n\n<p class=\"gb-headline gb-headline-96f91425 gb-headline-text\">S poslovnim sodelovanjem in uporabo na\u0161ih re\u0161itev pridobite dostop do ve\u010d milijonov evrov vrednega trga menz.<\/p>\n\n\n\n<p class=\"gb-headline gb-headline-e18d92f6 gb-headline-text\"><a href=\"Tel: +38664229200\">+386 (0)64 229 200<\/a><\/p>\n\n\n\n<p class=\"gb-headline gb-headline-fa2548a0 gb-headline-text\"><a href=\"http:\/\/+38651388146\" rel=\"nofollow\">+386 (0)51 388 146<\/a><\/p>\n\n\n\n<a class=\"gb-button gb-button-c11e5fdb\" href=\"#kontaktni-obrazec\"><span class=\"gb-button-text\">Kontaktni obrazec<\/span><span class=\"gb-icon\"><svg xmlns=\"http:\/\/www.w3.org\/2000\/svg\" width=\"16\" height=\"16\" fill=\"currentColor\" class=\"bi bi-arrow-right\" viewBox=\"0 0 16 16\">   <path fill-rule=\"evenodd\" d=\"M1 8a.5.5 0 0 1 .5-.5h11.793l-3.147-3.146a.5.5 0 0 1 .708-.708l4 4a.5.5 0 0 1 0 .708l-4 4a.5.5 0 0 1-.708-.708L13.293 8.5H1.5A.5.5 0 0 1 1 8\"><\/path> <\/svg><\/span><\/a>\n\n<\/div>\n<\/div>\n<\/div>\n<\/div>\n<\/div>\n<\/div>\n\n<div class=\"gb-container gb-container-f62a9cc5\" id=\"kontaktni-obrazec\">\n<div class=\"gb-container gb-container-dc167757\">\n<div class=\"gb-container gb-container-9d2a7d77\">\n\n<h4 class=\"gb-headline gb-headline-eaba4f12 gb-headline-text\">Kontaktni obrazec<\/h4>\n\n\n<div class=\"forminator-ui forminator-custom-form forminator-custom-form-4246 forminator-design--default  forminator_ajax\" data-forminator-render=\"0\" data-form=\"forminator-module-4246\" data-uid=\"69ea0b2060fe1\"><br\/><\/div><form\r\n\t\t\t\tid=\"forminator-module-4246\"\r\n\t\t\t\tclass=\"forminator-ui forminator-custom-form forminator-custom-form-4246 forminator-design--default  forminator_ajax\"\r\n\t\t\t\tmethod=\"post\"\r\n\t\t\t\tdata-forminator-render=\"0\"\r\n\t\t\t\tdata-form-id=\"4246\"\r\n\t\t\t\t data-color-option=\"theme\" data-design=\"default\" data-grid=\"open\" style=\"display: none;\"\r\n\t\t\t\tdata-uid=\"69ea0b2060fe1\"\r\n\t\t\t><div role=\"alert\" aria-live=\"polite\" class=\"forminator-response-message forminator-error\" aria-hidden=\"true\"><\/div><div class=\"forminator-row\"><div id=\"name-1\" class=\"forminator-field-name forminator-col forminator-col-6 \"><div class=\"forminator-field\"><label for=\"forminator-field-name-1_69ea0b2060fe1\" id=\"forminator-field-name-1_69ea0b2060fe1-label\" class=\"forminator-label\">Ime in priimek <span class=\"forminator-required\">*<\/span><\/label><input type=\"text\" name=\"name-1\" value=\"\" placeholder=\"Npr. Janez Novak\" id=\"forminator-field-name-1_69ea0b2060fe1\" class=\"forminator-input forminator-name--field\" aria-required=\"true\" autocomplete=\"name\" \/><\/div><\/div><div id=\"text-1\" class=\"forminator-field-text forminator-col forminator-col-6 \"><div class=\"forminator-field\"><label for=\"forminator-field-text-1_69ea0b2060fe1\" id=\"forminator-field-text-1_69ea0b2060fe1-label\" class=\"forminator-label\">Naziv podjetja<\/label><input type=\"text\" name=\"text-1\" value=\"\" placeholder=\"Npr. Eggmedia d.o.o.\" id=\"forminator-field-text-1_69ea0b2060fe1\" class=\"forminator-input forminator-name--field\" data-required=\"\" \/><\/div><\/div><\/div><div class=\"forminator-row\"><div id=\"email-1\" class=\"forminator-field-email forminator-col forminator-col-6 \"><div class=\"forminator-field\"><label for=\"forminator-field-email-1_69ea0b2060fe1\" id=\"forminator-field-email-1_69ea0b2060fe1-label\" class=\"forminator-label\">Email naslov <span class=\"forminator-required\">*<\/span><\/label><input type=\"email\" name=\"email-1\" value=\"\" placeholder=\"Npr.  janez.novak@gmail.com\" id=\"forminator-field-email-1_69ea0b2060fe1\" class=\"forminator-input forminator-email--field\" data-required=\"true\" aria-required=\"true\" autocomplete=\"email\" \/><\/div><\/div><div id=\"phone-1\" class=\"forminator-field-phone forminator-col forminator-col-6 \"><div class=\"forminator-field\"><label for=\"forminator-field-phone-1_69ea0b2060fe1\" id=\"forminator-field-phone-1_69ea0b2060fe1-label\" class=\"forminator-label\">Tel. \u0161tevilka <span class=\"forminator-required\">*<\/span><\/label><input type=\"text\" name=\"phone-1\" value=\"\" placeholder=\"Npr. +386 31 123 456\" id=\"forminator-field-phone-1_69ea0b2060fe1\" class=\"forminator-input forminator-field--phone\" data-required=\"1\" aria-required=\"true\" autocomplete=\"off\" \/><\/div><\/div><\/div><div class=\"forminator-row\"><div id=\"select-1\" class=\"forminator-field-select forminator-col forminator-col-12 \"><div class=\"forminator-field\"><label for=\"forminator-form-4246__field--select-1_69ea0b2060fe1\" id=\"forminator-form-4246__field--select-1_69ea0b2060fe1-label\" class=\"forminator-label\">Zadeva <span class=\"forminator-required\">*<\/span><\/label><select  id=\"forminator-form-4246__field--select-1_69ea0b2060fe1\" class=\"forminator-select--field forminator-select2 forminator-select2-multiple\" data-required=\"1\" name=\"select-1\" data-default-value=\"\" data-hidden-behavior=\"zero\" data-placeholder=\"- Izberite -\" data-search=\"false\" data-search-placeholder=\"- Izberite -\" data-checkbox=\"false\" data-allow-clear=\"false\" aria-labelledby=\"forminator-form-4246__field--select-1_69ea0b2060fe1-label\"><option value=\"\"  >- Izberite -<\/option><option value=\"one\"  data-calculation=\"0\">Splo\u0161no povpra\u0161evanje<\/option><option value=\"Hardware\"  data-calculation=\"0\">Strojna oprema<\/option><option value=\"Integration-support\"  data-calculation=\"0\">Integracije<\/option><option value=\"two\"  data-calculation=\"0\">Poslovno sodelovanje<\/option><option value=\"Other\"  data-calculation=\"0\">Drugo<\/option><\/select><\/div><\/div><\/div><div class=\"forminator-row\"><div id=\"textarea-1\" class=\"forminator-field-textarea forminator-col forminator-col-12 \"><div class=\"forminator-field\"><label for=\"forminator-field-textarea-1_69ea0b2060fe1\" id=\"forminator-field-textarea-1_69ea0b2060fe1-label\" class=\"forminator-label\">Sporo\u010dilo <span class=\"forminator-required\">*<\/span><\/label><textarea name=\"textarea-1\" placeholder=\"Va\u0161e sporo\u010dilo...\" id=\"forminator-field-textarea-1_69ea0b2060fe1\" class=\"forminator-textarea\" rows=\"6\" style=\"min-height:140px;\" maxlength=\"180\" ><\/textarea><span id=\"forminator-field-textarea-1_69ea0b2060fe1-description\" class=\"forminator-description\"><span data-limit=\"180\" data-type=\"characters\" data-editor=\"\">0 \/ 180<\/span><\/span><\/div><\/div><\/div><div class=\"forminator-row\"><div id=\"consent-1\" class=\"forminator-field-consent forminator-col forminator-col-12 \"><div class=\"forminator-field\"><label for=\"forminator-field-consent-1_69ea0b2060fe1\" id=\"forminator-field-consent-1_69ea0b2060fe1-label\" class=\"forminator-label\">Soglasje <span class=\"forminator-required\">*<\/span><\/label><div class=\"forminator-checkbox__wrapper\"><label id=\"forminator-field-consent-1_69ea0b2060fe1__label\" class=\"forminator-checkbox forminator-consent\"><input type=\"checkbox\" name=\"consent-1\" id=\"forminator-field-consent-1_69ea0b2060fe1\" value=\"checked\" aria-labelledby=\"forminator-field-consent-1_69ea0b2060fe1-label\" aria-describedby=\"forminator-field-consent-1_69ea0b2060fe1__description\" data-required=\"true\" aria-required=\"true\" \/><span class=\"forminator-checkbox-box\" aria-hidden=\"true\"><\/span><\/label><div id=\"forminator-field-consent-1_69ea0b2060fe1__description\" class=\"forminator-checkbox__label forminator-consent__label\"><p>Da, strinjam se s <a href=\"https:\/\/smartcanteen.eu\/sl\/politika-zasebnosti\">politiko zasebnosti<\/a>.<\/p><\/div><\/div><\/div><\/div><\/div><div class=\"forminator-row\"><div id=\"captcha-1\" class=\"forminator-field-captcha forminator-col forminator-col-12 \"><div class=\"forminator-captcha-left forminator-turnstile\" data-theme=\"light\" data-language=\"sl\" data-sitekey=\"0x4AAAAAACFnap11BWKA9Guq\" data-size=\"normal\"><\/div> <\/div><\/div><input type=\"hidden\" name=\"referer_url\" value=\"\" \/><div class=\"forminator-row forminator-row-last\"><div class=\"forminator-col\"><div class=\"forminator-field\"><button class=\"forminator-button forminator-button-submit\">Sporo\u010dilo poslano<\/button><\/div><\/div><\/div><input type=\"hidden\" id=\"forminator_nonce\" name=\"forminator_nonce\" value=\"210f99939c\" \/><input type=\"hidden\" name=\"_wp_http_referer\" value=\"\/sl\/wp-json\/wp\/v2\/pages\/4239\" \/><input type=\"hidden\" name=\"form_id\" value=\"4246\"><input type=\"hidden\" name=\"page_id\" value=\"4239\"><input type=\"hidden\" name=\"form_type\" value=\"default\"><input type=\"hidden\" name=\"current_url\" value=\"https:\/\/smartcanteen.eu\/sl\/kontakt\"><input type=\"hidden\" name=\"render_id\" value=\"0\"><input type=\"hidden\" name=\"action\" value=\"forminator_submit_form_custom-forms\"><label for=\"input_8\" class=\"forminator-hidden\" aria-hidden=\"true\">Please do not fill in this field. <input id=\"input_8\" type=\"text\" name=\"input_8\" value=\"\" autocomplete=\"off\"><\/label><\/form>\n\n<\/div>\n<\/div>\n<\/div>\n\n<section class=\"gb-container gb-container-07366f71\" id=\"partners\">\n<div class=\"gb-container gb-container-cfa28619\">\n\n<h2 class=\"gb-headline gb-headline-08ae9991 gb-headline-text\">Zaupajo nam najuspe\u0161nej\u0161a podjetja v panogi<\/h2>\n\n<\/div>\n\n<div class=\"gb-container gb-container-a788dd85\">\n\n<figure class=\"gb-block-image gb-block-image-f0f9324d\"><img decoding=\"async\" width=\"100\" height=\"35\" class=\"gb-image gb-image-f0f9324d lazyload\" data-src=\"https:\/\/smartcanteen.eu\/wp-content\/uploads\/2024\/12\/logo-atlantic-grupa-color.svg\" alt=\"\" title=\"logo-atlantic-grupa-color\" src=\"data:image\/svg+xml;base64,PHN2ZyB3aWR0aD0iMSIgaGVpZ2h0PSIxIiB4bWxucz0iaHR0cDovL3d3dy53My5vcmcvMjAwMC9zdmciPjwvc3ZnPg==\" style=\"--smush-placeholder-width: 100px; --smush-placeholder-aspect-ratio: 100\/35;\"><\/figure>\n\n\n\n<figure class=\"gb-block-image gb-block-image-072c3ad0\"><img decoding=\"async\" width=\"64\" height=\"51\" class=\"gb-image gb-image-072c3ad0 lazyload\" data-src=\"https:\/\/smartcanteen.eu\/wp-content\/uploads\/2024\/12\/logo-perutnina-ptuj-black.svg\" alt=\"\" title=\"logo-perutnina-ptuj-black\" src=\"data:image\/svg+xml;base64,PHN2ZyB3aWR0aD0iMSIgaGVpZ2h0PSIxIiB4bWxucz0iaHR0cDovL3d3dy53My5vcmcvMjAwMC9zdmciPjwvc3ZnPg==\" style=\"--smush-placeholder-width: 64px; --smush-placeholder-aspect-ratio: 64\/51;\"><\/figure>\n\n\n\n<figure class=\"gb-block-image gb-block-image-a05e4e49\"><img decoding=\"async\" width=\"107\" height=\"41\" class=\"gb-image gb-image-a05e4e49 lazyload\" data-src=\"https:\/\/smartcanteen.eu\/wp-content\/uploads\/2024\/12\/logo-slorest-red.svg\" alt=\"\" title=\"logo-slorest-red\" src=\"data:image\/svg+xml;base64,PHN2ZyB3aWR0aD0iMSIgaGVpZ2h0PSIxIiB4bWxucz0iaHR0cDovL3d3dy53My5vcmcvMjAwMC9zdmciPjwvc3ZnPg==\" style=\"--smush-placeholder-width: 107px; --smush-placeholder-aspect-ratio: 107\/41;\"><\/figure>\n\n\n\n<figure class=\"gb-block-image gb-block-image-428d03de\"><img decoding=\"async\" width=\"700\" height=\"301\" class=\"gb-image gb-image-428d03de lazyload\" data-src=\"https:\/\/smartcanteen.eu\/wp-content\/uploads\/2024\/12\/sovita-logo-teal.svg\" alt=\"\" title=\"sovita-logo-teal\" src=\"data:image\/svg+xml;base64,PHN2ZyB3aWR0aD0iMSIgaGVpZ2h0PSIxIiB4bWxucz0iaHR0cDovL3d3dy53My5vcmcvMjAwMC9zdmciPjwvc3ZnPg==\" style=\"--smush-placeholder-width: 700px; --smush-placeholder-aspect-ratio: 700\/301;\"><\/figure>\n\n\n\n<figure class=\"gb-block-image gb-block-image-9678cb82\"><img decoding=\"async\" width=\"5906085\" height=\"4680965\" class=\"gb-image gb-image-9678cb82 lazyload\" data-src=\"https:\/\/smartcanteen.eu\/wp-content\/uploads\/2024\/12\/logo-vivo-catering-red.svg\" alt=\"\" title=\"logo-vivo-catering-red\" src=\"data:image\/svg+xml;base64,PHN2ZyB3aWR0aD0iMSIgaGVpZ2h0PSIxIiB4bWxucz0iaHR0cDovL3d3dy53My5vcmcvMjAwMC9zdmciPjwvc3ZnPg==\" style=\"--smush-placeholder-width: 5906085px; --smush-placeholder-aspect-ratio: 5906085\/4680965;\"><\/figure>\n\n<\/div>\n<\/section>\n\n<section class=\"gb-container gb-container-a58b65ec\" id=\"stats\">\n<div class=\"gb-container gb-container-f4402b4f\">\n<div class=\"gb-container gb-container-6d3c3043\">\n<div class=\"gb-container gb-container-eebd204e\">\n\n<h2 class=\"gb-headline gb-headline-f7043ebc gb-headline-text\">Od 2015 dalje postre\u017eemo ve\u010d kot 14 milijonov obrokov na leto<\/h2>\n\n<\/div>\n<\/div>\n\n<div class=\"gb-container gb-container-a6ed6011\">\n<div class=\"gb-container gb-container-78a51c99\">\n<div class=\"gb-container gb-container-fbf675c7\">\n\n<h2 class=\"gb-headline gb-headline-cb9d0e85\"><span class=\"gb-icon\"><svg xmlns=\"http:\/\/www.w3.org\/2000\/svg\" viewBox=\"0 0 16 16\" class=\"bi bi-bar-chart-line\" fill=\"currentColor\" height=\"16\" width=\"16\">   <path d=\"M11 2a1 1 0 0 1 1-1h2a1 1 0 0 1 1 1v12h.5a.5.5 0 0 1 0 1H.5a.5.5 0 0 1 0-1H1v-3a1 1 0 0 1 1-1h2a1 1 0 0 1 1 1v3h1V7a1 1 0 0 1 1-1h2a1 1 0 0 1 1 1v7h1zm1 12h2V2h-2zm-3 0V7H7v7zm-5 0v-3H2v3z\"><\/path> <\/svg><\/span><\/h2>\n\n\n\n<h4 class=\"gb-headline gb-headline-210d3815 gb-headline-text\">80% vseh menz<\/h4>\n\n<\/div>\n\n\n<p class=\"gb-headline gb-headline-118ed06e gb-headline-text\">SmartCanteen poganja 80% menz v Sloveniji<\/p>\n\n<\/div>\n\n<div class=\"gb-container gb-container-aea5f705\">\n<div class=\"gb-container gb-container-efa08e9d\">\n\n<h2 class=\"gb-headline gb-headline-f36182da\"><span class=\"gb-icon\"><svg xmlns=\"http:\/\/www.w3.org\/2000\/svg\" viewBox=\"0 0 16 16\" class=\"bi bi-speedometer2\" fill=\"currentColor\" height=\"16\" width=\"16\">   <path d=\"M8 4a.5.5 0 0 1 .5.5V6a.5.5 0 0 1-1 0V4.5A.5.5 0 0 1 8 4M3.732 5.732a.5.5 0 0 1 .707 0l.915.914a.5.5 0 1 1-.708.708l-.914-.915a.5.5 0 0 1 0-.707M2 10a.5.5 0 0 1 .5-.5h1.586a.5.5 0 0 1 0 1H2.5A.5.5 0 0 1 2 10m9.5 0a.5.5 0 0 1 .5-.5h1.5a.5.5 0 0 1 0 1H12a.5.5 0 0 1-.5-.5m.754-4.246a.39.39 0 0 0-.527-.02L7.547 9.31a.91.91 0 1 0 1.302 1.258l3.434-4.297a.39.39 0 0 0-.029-.518z\"><\/path>   <path d=\"M0 10a8 8 0 1 1 15.547 2.661c-.442 1.253-1.845 1.602-2.932 1.25C11.309 13.488 9.475 13 8 13c-1.474 0-3.31.488-4.615.911-1.087.352-2.49.003-2.932-1.25A8 8 0 0 1 0 10m8-7a7 7 0 0 0-6.603 9.329c.203.575.923.876 1.68.63C4.397 12.533 6.358 12 8 12s3.604.532 4.923.96c.757.245 1.477-.056 1.68-.631A7 7 0 0 0 8 3\" fill-rule=\"evenodd\"><\/path> <\/svg><\/span><\/h2>\n\n\n\n<h4 class=\"gb-headline gb-headline-774adb8f gb-headline-text\">60,000 obrokov na dan<\/h4>\n\n<\/div>\n\n\n<p class=\"gb-headline gb-headline-be88fa11 gb-headline-text\">Re\u0161itve za upravljanje postre\u017ebe obrokov na masovni ravni<\/p>\n\n<\/div>\n<\/div>\n<\/div>\n<\/section>","protected":false},"excerpt":{"rendered":"<p>Stopite v stik Stopite v stik s podporo za stranke, prodajo ali vodstvom. Svetovali vam bomo po najbolj\u0161ih mo\u010deh. Podpora strankam Ste \u017ee uporabnik &#8230; <a title=\"Kontakt\" class=\"read-more\" href=\"https:\/\/smartcanteen.eu\/sl\/kontakt\" aria-label=\"Read more about Kontakt\">Beri dalje<\/a><\/p>\n","protected":false},"author":1,"featured_media":0,"parent":0,"menu_order":103,"comment_status":"closed","ping_status":"closed","template":"","meta":{"_acf_changed":false,"footnotes":""},"class_list":["post-4239","page","type-page","status-publish"],"acf":[],"_links":{"self":[{"href":"https:\/\/smartcanteen.eu\/sl\/wp-json\/wp\/v2\/pages\/4239","targetHints":{"allow":["GET"]}}],"collection":[{"href":"https:\/\/smartcanteen.eu\/sl\/wp-json\/wp\/v2\/pages"}],"about":[{"href":"https:\/\/smartcanteen.eu\/sl\/wp-json\/wp\/v2\/types\/page"}],"author":[{"embeddable":true,"href":"https:\/\/smartcanteen.eu\/sl\/wp-json\/wp\/v2\/users\/1"}],"replies":[{"embeddable":true,"href":"https:\/\/smartcanteen.eu\/sl\/wp-json\/wp\/v2\/comments?post=4239"}],"version-history":[{"count":10,"href":"https:\/\/smartcanteen.eu\/sl\/wp-json\/wp\/v2\/pages\/4239\/revisions"}],"predecessor-version":[{"id":4937,"href":"https:\/\/smartcanteen.eu\/sl\/wp-json\/wp\/v2\/pages\/4239\/revisions\/4937"}],"wp:attachment":[{"href":"https:\/\/smartcanteen.eu\/sl\/wp-json\/wp\/v2\/media?parent=4239"}],"curies":[{"name":"wp","href":"https:\/\/api.w.org\/{rel}","templated":true}]}}