{"id":4295,"date":"2025-02-03T21:31:15","date_gmt":"2025-02-03T20:31:15","guid":{"rendered":"https:\/\/eggos.eu\/?page_id=4295"},"modified":"2025-12-03T16:57:33","modified_gmt":"2025-12-03T15:57:33","slug":"moduli","status":"publish","type":"page","link":"https:\/\/smartcanteen.eu\/sl\/moduli","title":{"rendered":"Moduli"},"content":{"rendered":"<section class=\"gb-container gb-container-b5a8ab02\" id=\"hero\">\n<div class=\"gb-container gb-container-7b13eb1c\">\n<div class=\"gb-container gb-container-5b7a02e8\">\n<div class=\"gb-container gb-container-03daea4a\">\n\n<h1 class=\"gb-headline gb-headline-a20fdbcd gb-headline-text\">Raz\u0161irite svojo izku\u0161njo z moduli<\/h1>\n\n\n\n<p class=\"gb-headline gb-headline-9db610b2 gb-headline-text\">Raz\u0161irite programsko opremo SmartCanteen in EggPOS s pametnimi moduli. Izbolj\u0161ajte funkcionalnost, poenostavite delovanje in pove\u010dajte u\u010dinkovitost z re\u0161itvami, prilagojenimi va\u0161im poslovnim potrebam.<\/p>\n\n<\/div>\n<\/div>\n\n<div class=\"gb-container gb-container-a4df58fb\">\n\n<figure class=\"gb-block-image gb-block-image-5e65e139\"><img decoding=\"async\" width=\"1488\" height=\"1181\" class=\"gb-image gb-image-5e65e139 animate_fadeInLeft lazyload\" data-src=\"https:\/\/smartcanteen.eu\/wp-content\/uploads\/2025\/02\/expansion-modules.png\" alt=\"\" title=\"expansion-modules\" data-srcset=\"https:\/\/smartcanteen.eu\/wp-content\/uploads\/2025\/02\/expansion-modules.png 1488w, https:\/\/smartcanteen.eu\/wp-content\/uploads\/2025\/02\/expansion-modules-300x238.png 300w, https:\/\/smartcanteen.eu\/wp-content\/uploads\/2025\/02\/expansion-modules-1024x813.png 1024w, https:\/\/smartcanteen.eu\/wp-content\/uploads\/2025\/02\/expansion-modules-768x610.png 768w\" data-sizes=\"(max-width: 1488px) 100vw, 1488px\" src=\"data:image\/svg+xml;base64,PHN2ZyB3aWR0aD0iMSIgaGVpZ2h0PSIxIiB4bWxucz0iaHR0cDovL3d3dy53My5vcmcvMjAwMC9zdmciPjwvc3ZnPg==\" style=\"--smush-placeholder-width: 1488px; --smush-placeholder-aspect-ratio: 1488\/1181;\" \/><\/figure>\n\n<\/div>\n<\/div>\n<\/section>\n\n<section class=\"gb-container gb-container-268899d6\" id=\"modules\">\n<div class=\"gb-container gb-container-73f14ca8\">\n\n<p class=\"gb-headline gb-headline-89bd5a7b gb-headline-text\">Vsi moduli (A-Z):<\/p>\n\n<\/div>\n\n<div class=\"gb-container gb-container-2c75f3dc\">\n\n<div class=\"gb-grid-wrapper gb-grid-wrapper-fdd18b2e grid-3-col gb-query-loop-wrapper\" id=\"modules-loop\">\n<div class=\"gb-grid-column gb-grid-column-fc584858 gb-query-loop-item post-4639 expansion-module type-expansion-module status-publish has-post-thumbnail hentry\"><div class=\"gb-container gb-container-fc584858\">\n<div class=\"gb-container gb-container-9491776b\">\n<figure class=\"gb-block-image gb-block-image-3101efe6\"><img decoding=\"async\" width=\"256\" height=\"256\" data-src=\"https:\/\/smartcanteen.eu\/wp-content\/uploads\/2025\/02\/brain.svg\" class=\"gb-image-3101efe6 icon lazyload\" alt=\"\" src=\"data:image\/svg+xml;base64,PHN2ZyB3aWR0aD0iMSIgaGVpZ2h0PSIxIiB4bWxucz0iaHR0cDovL3d3dy53My5vcmcvMjAwMC9zdmciPjwvc3ZnPg==\" style=\"--smush-placeholder-width: 256px; --smush-placeholder-aspect-ratio: 256\/256;\" \/><\/figure>\n<\/div>\n\n<div class=\"gb-container gb-container-b6758f37\">\n<h2 class=\"gb-headline gb-headline-22fbc51c gb-headline-text\">EggAI CRM<\/h2>\n\n<p class=\"gb-headline gb-headline-a5ac2ea2 gb-headline-text\">Revolucionarna re\u0161itev, ki drasti\u010dno zmanj\u0161a zavr\u017eeno hrano v menzah in gostinskih obratih z izkori\u0161\u010danjem umetne inteligence (AI).<\/p>\n<\/div>\n\n<a class=\"gb-button gb-button-5785388d\" href=\"https:\/\/smartcanteen.eu\/sl\/moduli\/eggai-crm\"><span class=\"gb-button-text\">Izvedite ve\u010d<\/span><span class=\"gb-icon\"><svg viewbox=\"0 0 16 16\" class=\"bi bi-arrow-right\" fill=\"currentColor\" height=\"16\" width=\"16\" xmlns=\"http:\/\/www.w3.org\/2000\/svg\">   <path d=\"M1 8a.5.5 0 0 1 .5-.5h11.793l-3.147-3.146a.5.5 0 0 1 .708-.708l4 4a.5.5 0 0 1 0 .708l-4 4a.5.5 0 0 1-.708-.708L13.293 8.5H1.5A.5.5 0 0 1 1 8\" fill-rule=\"evenodd\"><\/path> <\/svg><\/span><\/a>\n<\/div><\/div>\n\n<div class=\"gb-grid-column gb-grid-column-fc584858 gb-query-loop-item post-4612 expansion-module type-expansion-module status-publish has-post-thumbnail hentry\"><div class=\"gb-container gb-container-fc584858\">\n<div class=\"gb-container gb-container-9491776b\">\n<figure class=\"gb-block-image gb-block-image-3101efe6\"><img decoding=\"async\" width=\"256\" height=\"256\" data-src=\"https:\/\/smartcanteen.eu\/wp-content\/uploads\/2025\/02\/briefcase-metal.svg\" class=\"gb-image-3101efe6 icon lazyload\" alt=\"\" src=\"data:image\/svg+xml;base64,PHN2ZyB3aWR0aD0iMSIgaGVpZ2h0PSIxIiB4bWxucz0iaHR0cDovL3d3dy53My5vcmcvMjAwMC9zdmciPjwvc3ZnPg==\" style=\"--smush-placeholder-width: 256px; --smush-placeholder-aspect-ratio: 256\/256;\" \/><\/figure>\n<\/div>\n\n<div class=\"gb-container gb-container-b6758f37\">\n<h2 class=\"gb-headline gb-headline-22fbc51c gb-headline-text\">EggAnalyst<\/h2>\n\n<p class=\"gb-headline gb-headline-a5ac2ea2 gb-headline-text\">Zasnovanao za potrebe managerjev v gostinskih obratih. Omogo\u010da celovit pregled in nadzor nad vsemi klju\u010dnimi poslovnimi procesi v realnem \u010dasu.<\/p>\n<\/div>\n\n<a class=\"gb-button gb-button-5785388d\" href=\"https:\/\/smartcanteen.eu\/sl\/moduli\/egganalyst\"><span class=\"gb-button-text\">Izvedite ve\u010d<\/span><span class=\"gb-icon\"><svg viewbox=\"0 0 16 16\" class=\"bi bi-arrow-right\" fill=\"currentColor\" height=\"16\" width=\"16\" xmlns=\"http:\/\/www.w3.org\/2000\/svg\">   <path d=\"M1 8a.5.5 0 0 1 .5-.5h11.793l-3.147-3.146a.5.5 0 0 1 .708-.708l4 4a.5.5 0 0 1 0 .708l-4 4a.5.5 0 0 1-.708-.708L13.293 8.5H1.5A.5.5 0 0 1 1 8\" fill-rule=\"evenodd\"><\/path> <\/svg><\/span><\/a>\n<\/div><\/div>\n\n<div class=\"gb-grid-column gb-grid-column-fc584858 gb-query-loop-item post-4633 expansion-module type-expansion-module status-publish has-post-thumbnail hentry\"><div class=\"gb-container gb-container-fc584858\">\n<div class=\"gb-container gb-container-9491776b\">\n<figure class=\"gb-block-image gb-block-image-3101efe6\"><img decoding=\"async\" width=\"16\" height=\"16\" data-src=\"https:\/\/smartcanteen.eu\/wp-content\/uploads\/2025\/02\/ui-checks-grid.svg\" class=\"gb-image-3101efe6 icon lazyload\" alt=\"\" src=\"data:image\/svg+xml;base64,PHN2ZyB3aWR0aD0iMSIgaGVpZ2h0PSIxIiB4bWxucz0iaHR0cDovL3d3dy53My5vcmcvMjAwMC9zdmciPjwvc3ZnPg==\" style=\"--smush-placeholder-width: 16px; --smush-placeholder-aspect-ratio: 16\/16;\" \/><\/figure>\n<\/div>\n\n<div class=\"gb-container gb-container-b6758f37\">\n<h2 class=\"gb-headline gb-headline-22fbc51c gb-headline-text\">EggBO<\/h2>\n\n<p class=\"gb-headline gb-headline-a5ac2ea2 gb-headline-text\">Zmogljiv in vsestranski zaledni sistem, ki ponuja celovito re\u0161itev za upravljanje razli\u010dnih in poslovnih procesov, zlasti na podro\u010dju gostinstva in maloprodaje.<\/p>\n<\/div>\n\n<a class=\"gb-button gb-button-5785388d\" href=\"https:\/\/smartcanteen.eu\/sl\/moduli\/eggbo\"><span class=\"gb-button-text\">Izvedite ve\u010d<\/span><span class=\"gb-icon\"><svg viewbox=\"0 0 16 16\" class=\"bi bi-arrow-right\" fill=\"currentColor\" height=\"16\" width=\"16\" xmlns=\"http:\/\/www.w3.org\/2000\/svg\">   <path d=\"M1 8a.5.5 0 0 1 .5-.5h11.793l-3.147-3.146a.5.5 0 0 1 .708-.708l4 4a.5.5 0 0 1 0 .708l-4 4a.5.5 0 0 1-.708-.708L13.293 8.5H1.5A.5.5 0 0 1 1 8\" fill-rule=\"evenodd\"><\/path> <\/svg><\/span><\/a>\n<\/div><\/div>\n\n<div class=\"gb-grid-column gb-grid-column-fc584858 gb-query-loop-item post-4622 expansion-module type-expansion-module status-publish has-post-thumbnail hentry\"><div class=\"gb-container gb-container-fc584858\">\n<div class=\"gb-container gb-container-9491776b\">\n<figure class=\"gb-block-image gb-block-image-3101efe6\"><img decoding=\"async\" width=\"256\" height=\"256\" data-src=\"https:\/\/smartcanteen.eu\/wp-content\/uploads\/2025\/02\/sliders.svg\" class=\"gb-image-3101efe6 icon lazyload\" alt=\"\" src=\"data:image\/svg+xml;base64,PHN2ZyB3aWR0aD0iMSIgaGVpZ2h0PSIxIiB4bWxucz0iaHR0cDovL3d3dy53My5vcmcvMjAwMC9zdmciPjwvc3ZnPg==\" style=\"--smush-placeholder-width: 256px; --smush-placeholder-aspect-ratio: 256\/256;\" \/><\/figure>\n<\/div>\n\n<div class=\"gb-container gb-container-b6758f37\">\n<h2 class=\"gb-headline gb-headline-22fbc51c gb-headline-text\">EggConsumptionManager<\/h2>\n\n<p class=\"gb-headline gb-headline-a5ac2ea2 gb-headline-text\">Napreden sistem za popoln nadzor nad porabo va\u0161ih strank. Enostavno nastavite individualne limite porabe za vsakega uporabnika in spremljate njihovo porabo v realnem \u010dasu.<\/p>\n<\/div>\n\n<a class=\"gb-button gb-button-5785388d\" href=\"https:\/\/smartcanteen.eu\/sl\/moduli\/eggconsumptionmanager\"><span class=\"gb-button-text\">Izvedite ve\u010d<\/span><span class=\"gb-icon\"><svg viewbox=\"0 0 16 16\" class=\"bi bi-arrow-right\" fill=\"currentColor\" height=\"16\" width=\"16\" xmlns=\"http:\/\/www.w3.org\/2000\/svg\">   <path d=\"M1 8a.5.5 0 0 1 .5-.5h11.793l-3.147-3.146a.5.5 0 0 1 .708-.708l4 4a.5.5 0 0 1 0 .708l-4 4a.5.5 0 0 1-.708-.708L13.293 8.5H1.5A.5.5 0 0 1 1 8\" fill-rule=\"evenodd\"><\/path> <\/svg><\/span><\/a>\n<\/div><\/div>\n\n<div class=\"gb-grid-column gb-grid-column-fc584858 gb-query-loop-item post-4626 expansion-module type-expansion-module status-publish has-post-thumbnail hentry\"><div class=\"gb-container gb-container-fc584858\">\n<div class=\"gb-container gb-container-9491776b\">\n<figure class=\"gb-block-image gb-block-image-3101efe6\"><img decoding=\"async\" width=\"256\" height=\"256\" data-src=\"https:\/\/smartcanteen.eu\/wp-content\/uploads\/2025\/02\/smiley.svg\" class=\"gb-image-3101efe6 icon lazyload\" alt=\"\" src=\"data:image\/svg+xml;base64,PHN2ZyB3aWR0aD0iMSIgaGVpZ2h0PSIxIiB4bWxucz0iaHR0cDovL3d3dy53My5vcmcvMjAwMC9zdmciPjwvc3ZnPg==\" style=\"--smush-placeholder-width: 256px; --smush-placeholder-aspect-ratio: 256\/256;\" \/><\/figure>\n<\/div>\n\n<div class=\"gb-container gb-container-b6758f37\">\n<h2 class=\"gb-headline gb-headline-22fbc51c gb-headline-text\">EggLoyalty<\/h2>\n\n<p class=\"gb-headline gb-headline-a5ac2ea2 gb-headline-text\">Popolna re\u0161itev za vse, ki \u017eelite zgraditi mo\u010dne odnose s svojimi strankami in pove\u010dati prodajo.<\/p>\n<\/div>\n\n<a class=\"gb-button gb-button-5785388d\" href=\"https:\/\/smartcanteen.eu\/sl\/moduli\/eggloyalty\"><span class=\"gb-button-text\">Izvedite ve\u010d<\/span><span class=\"gb-icon\"><svg viewbox=\"0 0 16 16\" class=\"bi bi-arrow-right\" fill=\"currentColor\" height=\"16\" width=\"16\" xmlns=\"http:\/\/www.w3.org\/2000\/svg\">   <path d=\"M1 8a.5.5 0 0 1 .5-.5h11.793l-3.147-3.146a.5.5 0 0 1 .708-.708l4 4a.5.5 0 0 1 0 .708l-4 4a.5.5 0 0 1-.708-.708L13.293 8.5H1.5A.5.5 0 0 1 1 8\" fill-rule=\"evenodd\"><\/path> <\/svg><\/span><\/a>\n<\/div><\/div>\n\n<div class=\"gb-grid-column gb-grid-column-fc584858 gb-query-loop-item post-4629 expansion-module type-expansion-module status-publish has-post-thumbnail hentry\"><div class=\"gb-container gb-container-fc584858\">\n<div class=\"gb-container gb-container-9491776b\">\n<figure class=\"gb-block-image gb-block-image-3101efe6\"><img decoding=\"async\" width=\"256\" height=\"256\" data-src=\"https:\/\/smartcanteen.eu\/wp-content\/uploads\/2025\/02\/presentation-chart.svg\" class=\"gb-image-3101efe6 icon lazyload\" alt=\"\" src=\"data:image\/svg+xml;base64,PHN2ZyB3aWR0aD0iMSIgaGVpZ2h0PSIxIiB4bWxucz0iaHR0cDovL3d3dy53My5vcmcvMjAwMC9zdmciPjwvc3ZnPg==\" style=\"--smush-placeholder-width: 256px; --smush-placeholder-aspect-ratio: 256\/256;\" \/><\/figure>\n<\/div>\n\n<div class=\"gb-container gb-container-b6758f37\">\n<h2 class=\"gb-headline gb-headline-22fbc51c gb-headline-text\">EggReporting<\/h2>\n\n<p class=\"gb-headline gb-headline-a5ac2ea2 gb-headline-text\">Zmogljivo orodje, ki omogo\u010da prilagajanje pri ustvarjanju in avtomatizaciji poro\u010dil prilagojenim va\u0161im specifi\u010dnim potrebam.<\/p>\n<\/div>\n\n<a class=\"gb-button gb-button-5785388d\" href=\"https:\/\/smartcanteen.eu\/sl\/moduli\/eggreporting\"><span class=\"gb-button-text\">Izvedite ve\u010d<\/span><span class=\"gb-icon\"><svg viewbox=\"0 0 16 16\" class=\"bi bi-arrow-right\" fill=\"currentColor\" height=\"16\" width=\"16\" xmlns=\"http:\/\/www.w3.org\/2000\/svg\">   <path d=\"M1 8a.5.5 0 0 1 .5-.5h11.793l-3.147-3.146a.5.5 0 0 1 .708-.708l4 4a.5.5 0 0 1 0 .708l-4 4a.5.5 0 0 1-.708-.708L13.293 8.5H1.5A.5.5 0 0 1 1 8\" fill-rule=\"evenodd\"><\/path> <\/svg><\/span><\/a>\n<\/div><\/div>\n\n<div class=\"gb-grid-column gb-grid-column-fc584858 gb-query-loop-item post-4647 expansion-module type-expansion-module status-publish has-post-thumbnail hentry\"><div class=\"gb-container gb-container-fc584858\">\n<div class=\"gb-container gb-container-9491776b\">\n<figure class=\"gb-block-image gb-block-image-3101efe6\"><img decoding=\"async\" width=\"256\" height=\"256\" data-src=\"https:\/\/smartcanteen.eu\/wp-content\/uploads\/2025\/02\/fork-knife.svg\" class=\"gb-image-3101efe6 icon lazyload\" alt=\"\" src=\"data:image\/svg+xml;base64,PHN2ZyB3aWR0aD0iMSIgaGVpZ2h0PSIxIiB4bWxucz0iaHR0cDovL3d3dy53My5vcmcvMjAwMC9zdmciPjwvc3ZnPg==\" style=\"--smush-placeholder-width: 256px; --smush-placeholder-aspect-ratio: 256\/256;\" \/><\/figure>\n<\/div>\n\n<div class=\"gb-container gb-container-b6758f37\">\n<h2 class=\"gb-headline gb-headline-22fbc51c gb-headline-text\">Menu manager<\/h2>\n\n<p class=\"gb-headline gb-headline-a5ac2ea2 gb-headline-text\">Pametna in inovativna programska re\u0161itev, ki omogo\u010da enostavno in u\u010dinkovito sestavljanje raznolikih in prilagojenih menijev.<\/p>\n<\/div>\n\n<a class=\"gb-button gb-button-5785388d\" href=\"https:\/\/smartcanteen.eu\/sl\/moduli\/menu-manager\"><span class=\"gb-button-text\">Izvedite ve\u010d<\/span><span class=\"gb-icon\"><svg viewbox=\"0 0 16 16\" class=\"bi bi-arrow-right\" fill=\"currentColor\" height=\"16\" width=\"16\" xmlns=\"http:\/\/www.w3.org\/2000\/svg\">   <path d=\"M1 8a.5.5 0 0 1 .5-.5h11.793l-3.147-3.146a.5.5 0 0 1 .708-.708l4 4a.5.5 0 0 1 0 .708l-4 4a.5.5 0 0 1-.708-.708L13.293 8.5H1.5A.5.5 0 0 1 1 8\" fill-rule=\"evenodd\"><\/path> <\/svg><\/span><\/a>\n<\/div><\/div>\n\n<div class=\"gb-grid-column gb-grid-column-fc584858 gb-query-loop-item post-4602 expansion-module type-expansion-module status-publish has-post-thumbnail hentry\"><div class=\"gb-container gb-container-fc584858\">\n<div class=\"gb-container gb-container-9491776b\">\n<figure class=\"gb-block-image gb-block-image-3101efe6\"><img decoding=\"async\" width=\"16\" height=\"16\" data-src=\"https:\/\/smartcanteen.eu\/wp-content\/uploads\/2025\/02\/music-player.svg\" class=\"gb-image-3101efe6 icon lazyload\" alt=\"\" src=\"data:image\/svg+xml;base64,PHN2ZyB3aWR0aD0iMSIgaGVpZ2h0PSIxIiB4bWxucz0iaHR0cDovL3d3dy53My5vcmcvMjAwMC9zdmciPjwvc3ZnPg==\" style=\"--smush-placeholder-width: 16px; --smush-placeholder-aspect-ratio: 16\/16;\" \/><\/figure>\n<\/div>\n\n<div class=\"gb-container gb-container-b6758f37\">\n<h2 class=\"gb-headline gb-headline-22fbc51c gb-headline-text\">ORDERMAN<\/h2>\n\n<p class=\"gb-headline gb-headline-a5ac2ea2 gb-headline-text\">Prenosna naprava za naro\u010danje, ki se uporablja v gostinstvu za zagotavljanje hitrej\u0161e in u\u010dinkovitej\u0161e storitve gostom.<\/p>\n<\/div>\n\n<a class=\"gb-button gb-button-5785388d\" href=\"https:\/\/smartcanteen.eu\/sl\/moduli\/orderman-rocni\"><span class=\"gb-button-text\">Izvedite ve\u010d<\/span><span class=\"gb-icon\"><svg viewbox=\"0 0 16 16\" class=\"bi bi-arrow-right\" fill=\"currentColor\" height=\"16\" width=\"16\" xmlns=\"http:\/\/www.w3.org\/2000\/svg\">   <path d=\"M1 8a.5.5 0 0 1 .5-.5h11.793l-3.147-3.146a.5.5 0 0 1 .708-.708l4 4a.5.5 0 0 1 0 .708l-4 4a.5.5 0 0 1-.708-.708L13.293 8.5H1.5A.5.5 0 0 1 1 8\" fill-rule=\"evenodd\"><\/path> <\/svg><\/span><\/a>\n<\/div><\/div>\n\n<div class=\"gb-grid-column gb-grid-column-fc584858 gb-query-loop-item post-4641 expansion-module type-expansion-module status-publish has-post-thumbnail hentry\"><div class=\"gb-container gb-container-fc584858\">\n<div class=\"gb-container gb-container-9491776b\">\n<figure class=\"gb-block-image gb-block-image-3101efe6\"><img decoding=\"async\" width=\"256\" height=\"256\" data-src=\"https:\/\/smartcanteen.eu\/wp-content\/uploads\/2025\/02\/cash-register.svg\" class=\"gb-image-3101efe6 icon lazyload\" alt=\"\" src=\"data:image\/svg+xml;base64,PHN2ZyB3aWR0aD0iMSIgaGVpZ2h0PSIxIiB4bWxucz0iaHR0cDovL3d3dy53My5vcmcvMjAwMC9zdmciPjwvc3ZnPg==\" style=\"--smush-placeholder-width: 256px; --smush-placeholder-aspect-ratio: 256\/256;\" \/><\/figure>\n<\/div>\n\n<div class=\"gb-container gb-container-b6758f37\">\n<h2 class=\"gb-headline gb-headline-22fbc51c gb-headline-text\">Samopostre\u017ena blagajna s kamero in AI (AI Vision Checkout Terminal)<\/h2>\n\n<p class=\"gb-headline gb-headline-a5ac2ea2 gb-headline-text\">Predstavljamo prihodnost nakupovanja z na\u0161imi inovativnimi blagajnami, ki uporabljajo najnovej\u0161o tehnologijo umetne inteligence in ra\u010dunalni\u0161kega vida. <\/p>\n<\/div>\n\n<a class=\"gb-button gb-button-5785388d\" href=\"https:\/\/smartcanteen.eu\/sl\/moduli\/samopostrezna-blagajna-s-kamero-z-umetno-inteligenco\"><span class=\"gb-button-text\">Izvedite ve\u010d<\/span><span class=\"gb-icon\"><svg viewbox=\"0 0 16 16\" class=\"bi bi-arrow-right\" fill=\"currentColor\" height=\"16\" width=\"16\" xmlns=\"http:\/\/www.w3.org\/2000\/svg\">   <path d=\"M1 8a.5.5 0 0 1 .5-.5h11.793l-3.147-3.146a.5.5 0 0 1 .708-.708l4 4a.5.5 0 0 1 0 .708l-4 4a.5.5 0 0 1-.708-.708L13.293 8.5H1.5A.5.5 0 0 1 1 8\" fill-rule=\"evenodd\"><\/path> <\/svg><\/span><\/a>\n<\/div><\/div>\n\n<div class=\"gb-grid-column gb-grid-column-fc584858 gb-query-loop-item post-4642 expansion-module type-expansion-module status-publish has-post-thumbnail hentry\"><div class=\"gb-container gb-container-fc584858\">\n<div class=\"gb-container gb-container-9491776b\">\n<figure class=\"gb-block-image gb-block-image-3101efe6\"><img decoding=\"async\" width=\"16\" height=\"16\" data-src=\"https:\/\/smartcanteen.eu\/wp-content\/uploads\/2025\/02\/cart4.svg\" class=\"gb-image-3101efe6 icon lazyload\" alt=\"\" src=\"data:image\/svg+xml;base64,PHN2ZyB3aWR0aD0iMSIgaGVpZ2h0PSIxIiB4bWxucz0iaHR0cDovL3d3dy53My5vcmcvMjAwMC9zdmciPjwvc3ZnPg==\" style=\"--smush-placeholder-width: 16px; --smush-placeholder-aspect-ratio: 16\/16;\" \/><\/figure>\n<\/div>\n\n<div class=\"gb-container gb-container-b6758f37\">\n<h2 class=\"gb-headline gb-headline-22fbc51c gb-headline-text\">Weborder<\/h2>\n\n<p class=\"gb-headline gb-headline-a5ac2ea2 gb-headline-text\">Intuitivna in uporabniku prijazna platforma, ki omogo\u010da hitro in enostavno naro\u010danje malic neposredno prek spleta. Dostopna je preko spletnega brskalnika in mobilnega telefona.<\/p>\n<\/div>\n\n<a class=\"gb-button gb-button-5785388d\" href=\"https:\/\/smartcanteen.eu\/sl\/moduli\/weborder\"><span class=\"gb-button-text\">Izvedite ve\u010d<\/span><span class=\"gb-icon\"><svg viewbox=\"0 0 16 16\" class=\"bi bi-arrow-right\" fill=\"currentColor\" height=\"16\" width=\"16\" xmlns=\"http:\/\/www.w3.org\/2000\/svg\">   <path d=\"M1 8a.5.5 0 0 1 .5-.5h11.793l-3.147-3.146a.5.5 0 0 1 .708-.708l4 4a.5.5 0 0 1 0 .708l-4 4a.5.5 0 0 1-.708-.708L13.293 8.5H1.5A.5.5 0 0 1 1 8\" fill-rule=\"evenodd\"><\/path> <\/svg><\/span><\/a>\n<\/div><\/div>\n<\/div>\n\n<\/div>\n<\/section>","protected":false},"excerpt":{"rendered":"<p>Raz\u0161irite svojo izku\u0161njo z moduli Raz\u0161irite programsko opremo SmartCanteen in EggPOS s pametnimi moduli. Izbolj\u0161ajte funkcionalnost, poenostavite delovanje in pove\u010dajte u\u010dinkovitost z re\u0161itvami, prilagojenimi &#8230; <a title=\"Moduli\" class=\"read-more\" href=\"https:\/\/smartcanteen.eu\/sl\/moduli\" aria-label=\"Read more about Moduli\">Beri dalje<\/a><\/p>\n","protected":false},"author":1,"featured_media":0,"parent":0,"menu_order":105,"comment_status":"closed","ping_status":"closed","template":"","meta":{"_acf_changed":false,"footnotes":""},"class_list":["post-4295","page","type-page","status-publish"],"acf":[],"_links":{"self":[{"href":"https:\/\/smartcanteen.eu\/sl\/wp-json\/wp\/v2\/pages\/4295","targetHints":{"allow":["GET"]}}],"collection":[{"href":"https:\/\/smartcanteen.eu\/sl\/wp-json\/wp\/v2\/pages"}],"about":[{"href":"https:\/\/smartcanteen.eu\/sl\/wp-json\/wp\/v2\/types\/page"}],"author":[{"embeddable":true,"href":"https:\/\/smartcanteen.eu\/sl\/wp-json\/wp\/v2\/users\/1"}],"replies":[{"embeddable":true,"href":"https:\/\/smartcanteen.eu\/sl\/wp-json\/wp\/v2\/comments?post=4295"}],"version-history":[{"count":2,"href":"https:\/\/smartcanteen.eu\/sl\/wp-json\/wp\/v2\/pages\/4295\/revisions"}],"predecessor-version":[{"id":4787,"href":"https:\/\/smartcanteen.eu\/sl\/wp-json\/wp\/v2\/pages\/4295\/revisions\/4787"}],"wp:attachment":[{"href":"https:\/\/smartcanteen.eu\/sl\/wp-json\/wp\/v2\/media?parent=4295"}],"curies":[{"name":"wp","href":"https:\/\/api.w.org\/{rel}","templated":true}]}}