{"id":4297,"date":"2025-01-10T19:32:34","date_gmt":"2025-01-10T18:32:34","guid":{"rendered":"https:\/\/eggos.eu\/?page_id=4297"},"modified":"2025-10-17T17:13:19","modified_gmt":"2025-10-17T16:13:19","slug":"podprta-strojna-oprema","status":"publish","type":"page","link":"https:\/\/smartcanteen.eu\/sl\/podprta-strojna-oprema","title":{"rendered":"Podprta strojna oprema"},"content":{"rendered":"<section class=\"gb-container gb-container-b5a8ab02\" id=\"start\">\n<div class=\"gb-container gb-container-7b13eb1c\">\n<div class=\"gb-container gb-container-5b7a02e8\">\n<div class=\"gb-container gb-container-03daea4a\">\n\n<h1 class=\"gb-headline gb-headline-a20fdbcd gb-headline-text\">Pove\u017eite strojno opremo, ki jo potrebujete<\/h1>\n\n\n\n<p class=\"gb-headline gb-headline-9db610b2 gb-headline-text\">Na\u0161e re\u0161itve so zdru\u017eljive s \u0161iroko paleto strojne opreme. Preprosto integrirajte dodatne naprave v va\u0161o obstoje\u010do infrastrukturo.<\/p>\n\n\n\n<p>Strojna oprema in integracije z zunanjimi programskimi re\u0161itvami \u2013 zmogljiva orodja in preverjene re\u0161itve za podporo va\u0161emu poslovanju.<\/p>\n\n<\/div>\n<\/div>\n\n<div class=\"gb-container gb-container-a4df58fb\">\n\n<figure class=\"gb-block-image gb-block-image-5e65e139\"><img decoding=\"async\" width=\"1093\" height=\"618\" class=\"gb-image gb-image-5e65e139 animate_fadeInLeft lazyload\" data-src=\"https:\/\/smartcanteen.eu\/wp-content\/uploads\/2025\/01\/hardware-image-v2.svg\" alt=\"\" title=\"hardware-image-v2\" src=\"data:image\/svg+xml;base64,PHN2ZyB3aWR0aD0iMSIgaGVpZ2h0PSIxIiB4bWxucz0iaHR0cDovL3d3dy53My5vcmcvMjAwMC9zdmciPjwvc3ZnPg==\" style=\"--smush-placeholder-width: 1093px; --smush-placeholder-aspect-ratio: 1093\/618;\" \/><\/figure>\n\n<\/div>\n<\/div>\n<\/section>\n\n<div class=\"gb-container gb-container-4851548a\">\n<div class=\"gb-container gb-container-60f0bb8c\">\n\n<h2 class=\"gb-headline gb-headline-204fc783 gb-headline-text\">Podprta strojna oprema:<\/h2>\n\n<\/div>\n\n<div class=\"gb-container gb-container-028504e9\">\n<div class=\"gb-container gb-container-34338c00\">\n<div class=\"gb-container gb-container-b2e68b74\">\n\n<h4 class=\"gb-headline gb-headline-973a3213 gb-headline-text\">\u010citalci kartic<\/h4>\n\n\n\n<p class=\"gb-headline gb-headline-1f017936\"><span class=\"gb-icon\"><svg viewBox=\"0 0 16 16\" class=\"bi bi-shield-fill-check\" fill=\"currentColor\" height=\"16\" width=\"16\" xmlns=\"http:\/\/www.w3.org\/2000\/svg\">   <path d=\"M8 0c-.69 0-1.843.265-2.928.56-1.11.3-2.229.655-2.887.87a1.54 1.54 0 0 0-1.044 1.262c-.596 4.477.787 7.795 2.465 9.99a11.8 11.8 0 0 0 2.517 2.453c.386.273.744.482 1.048.625.28.132.581.24.829.24s.548-.108.829-.24a7 7 0 0 0 1.048-.625 11.8 11.8 0 0 0 2.517-2.453c1.678-2.195 3.061-5.513 2.465-9.99a1.54 1.54 0 0 0-1.044-1.263 63 63 0 0 0-2.887-.87C9.843.266 8.69 0 8 0m2.146 5.146a.5.5 0 0 1 .708.708l-3 3a.5.5 0 0 1-.708 0l-1.5-1.5a.5.5 0 1 1 .708-.708L7.5 7.793z\" fill-rule=\"evenodd\"><\/path> <\/svg><\/span><span class=\"gb-headline-text\">Preverjeno<\/span><\/p>\n\n\n\n<p class=\"gb-headline gb-headline-14be6626 gb-headline-text\">Opis:<\/p>\n\n\n\n<p class=\"gb-headline gb-headline-b5787f3f gb-headline-text\">Jantar, \u010cetrtaPot, \u0160pica, Gantner, Margento in \u010ditalci kartic po meri.<\/p>\n\n<\/div>\n<\/div>\n\n<div class=\"gb-container gb-container-10d58f3b\">\n<div class=\"gb-container gb-container-e2c443e0\">\n\n<h4 class=\"gb-headline gb-headline-e50ebd4c gb-headline-text\">POS terminali<\/h4>\n\n\n\n<p class=\"gb-headline gb-headline-116dc85e\"><span class=\"gb-icon\"><svg viewBox=\"0 0 16 16\" class=\"bi bi-shield-fill-check\" fill=\"currentColor\" height=\"16\" width=\"16\" xmlns=\"http:\/\/www.w3.org\/2000\/svg\">   <path d=\"M8 0c-.69 0-1.843.265-2.928.56-1.11.3-2.229.655-2.887.87a1.54 1.54 0 0 0-1.044 1.262c-.596 4.477.787 7.795 2.465 9.99a11.8 11.8 0 0 0 2.517 2.453c.386.273.744.482 1.048.625.28.132.581.24.829.24s.548-.108.829-.24a7 7 0 0 0 1.048-.625 11.8 11.8 0 0 0 2.517-2.453c1.678-2.195 3.061-5.513 2.465-9.99a1.54 1.54 0 0 0-1.044-1.263 63 63 0 0 0-2.887-.87C9.843.266 8.69 0 8 0m2.146 5.146a.5.5 0 0 1 .708.708l-3 3a.5.5 0 0 1-.708 0l-1.5-1.5a.5.5 0 1 1 .708-.708L7.5 7.793z\" fill-rule=\"evenodd\"><\/path> <\/svg><\/span><span class=\"gb-headline-text\">Preverjeno<\/span><\/p>\n\n\n\n<p class=\"gb-headline gb-headline-950f8f69 gb-headline-text\">Opis:<\/p>\n\n\n\n<p class=\"gb-headline gb-headline-fa2bb408 gb-headline-text\">Ve\u010dji ponudniki, kot so Unicredit, Lab4pay, VALU, Moneta in Worldline.<\/p>\n\n<\/div>\n<\/div>\n\n<div class=\"gb-container gb-container-1f219212\">\n<div class=\"gb-container gb-container-3491028f\">\n\n<h4 class=\"gb-headline gb-headline-68d23a0b gb-headline-text\">\u010citalci \u010drtnih kod<\/h4>\n\n\n\n<p class=\"gb-headline gb-headline-54101d10\"><span class=\"gb-icon\"><svg viewBox=\"0 0 16 16\" class=\"bi bi-shield-fill-check\" fill=\"currentColor\" height=\"16\" width=\"16\" xmlns=\"http:\/\/www.w3.org\/2000\/svg\">   <path d=\"M8 0c-.69 0-1.843.265-2.928.56-1.11.3-2.229.655-2.887.87a1.54 1.54 0 0 0-1.044 1.262c-.596 4.477.787 7.795 2.465 9.99a11.8 11.8 0 0 0 2.517 2.453c.386.273.744.482 1.048.625.28.132.581.24.829.24s.548-.108.829-.24a7 7 0 0 0 1.048-.625 11.8 11.8 0 0 0 2.517-2.453c1.678-2.195 3.061-5.513 2.465-9.99a1.54 1.54 0 0 0-1.044-1.263 63 63 0 0 0-2.887-.87C9.843.266 8.69 0 8 0m2.146 5.146a.5.5 0 0 1 .708.708l-3 3a.5.5 0 0 1-.708 0l-1.5-1.5a.5.5 0 1 1 .708-.708L7.5 7.793z\" fill-rule=\"evenodd\"><\/path> <\/svg><\/span><span class=\"gb-headline-text\">Preverjeno<\/span><\/p>\n\n\n\n<p class=\"gb-headline gb-headline-68b56848 gb-headline-text\">Opis:<\/p>\n\n\n\n<p class=\"gb-headline gb-headline-eef0d438 gb-headline-text\">Uporablja se lahko za inventuro in na blagajni.<\/p>\n\n<\/div>\n<\/div>\n\n<div class=\"gb-container gb-container-db1bac27\">\n<div class=\"gb-container gb-container-aae979f0\">\n\n<h4 class=\"gb-headline gb-headline-0df83bc2 gb-headline-text\">Tiskalniki<\/h4>\n\n\n\n<p class=\"gb-headline gb-headline-506d177e\"><span class=\"gb-icon\"><svg viewBox=\"0 0 16 16\" class=\"bi bi-shield-fill-check\" fill=\"currentColor\" height=\"16\" width=\"16\" xmlns=\"http:\/\/www.w3.org\/2000\/svg\">   <path d=\"M8 0c-.69 0-1.843.265-2.928.56-1.11.3-2.229.655-2.887.87a1.54 1.54 0 0 0-1.044 1.262c-.596 4.477.787 7.795 2.465 9.99a11.8 11.8 0 0 0 2.517 2.453c.386.273.744.482 1.048.625.28.132.581.24.829.24s.548-.108.829-.24a7 7 0 0 0 1.048-.625 11.8 11.8 0 0 0 2.517-2.453c1.678-2.195 3.061-5.513 2.465-9.99a1.54 1.54 0 0 0-1.044-1.263 63 63 0 0 0-2.887-.87C9.843.266 8.69 0 8 0m2.146 5.146a.5.5 0 0 1 .708.708l-3 3a.5.5 0 0 1-.708 0l-1.5-1.5a.5.5 0 1 1 .708-.708L7.5 7.793z\" fill-rule=\"evenodd\"><\/path> <\/svg><\/span><span class=\"gb-headline-text\">Preverjeno<\/span><\/p>\n\n\n\n<p class=\"gb-headline gb-headline-f4048583 gb-headline-text\">Opis:<\/p>\n\n\n\n<p class=\"gb-headline gb-headline-6a42af98 gb-headline-text\">Vse vrste tiskalnikov, vklju\u010dno s tiskalniki etiket.<\/p>\n\n<\/div>\n<\/div>\n\n<div class=\"gb-container gb-container-d4852644\">\n<div class=\"gb-container gb-container-415fa738\">\n\n<h4 class=\"gb-headline gb-headline-cf1d94b8 gb-headline-text\">Tehtnice<\/h4>\n\n\n\n<p class=\"gb-headline gb-headline-8ee5bf98\"><span class=\"gb-icon\"><svg viewBox=\"0 0 16 16\" class=\"bi bi-shield-fill-check\" fill=\"currentColor\" height=\"16\" width=\"16\" xmlns=\"http:\/\/www.w3.org\/2000\/svg\">   <path d=\"M8 0c-.69 0-1.843.265-2.928.56-1.11.3-2.229.655-2.887.87a1.54 1.54 0 0 0-1.044 1.262c-.596 4.477.787 7.795 2.465 9.99a11.8 11.8 0 0 0 2.517 2.453c.386.273.744.482 1.048.625.28.132.581.24.829.24s.548-.108.829-.24a7 7 0 0 0 1.048-.625 11.8 11.8 0 0 0 2.517-2.453c1.678-2.195 3.061-5.513 2.465-9.99a1.54 1.54 0 0 0-1.044-1.263 63 63 0 0 0-2.887-.87C9.843.266 8.69 0 8 0m2.146 5.146a.5.5 0 0 1 .708.708l-3 3a.5.5 0 0 1-.708 0l-1.5-1.5a.5.5 0 1 1 .708-.708L7.5 7.793z\" fill-rule=\"evenodd\"><\/path> <\/svg><\/span><span class=\"gb-headline-text\">Preverjeno<\/span><\/p>\n\n\n\n<p class=\"gb-headline gb-headline-5689bb71 gb-headline-text\">Opis:<\/p>\n\n\n\n<p class=\"gb-headline gb-headline-4780ddfa gb-headline-text\">Za natan\u010dno merjenje te\u017ee.<\/p>\n\n<\/div>\n<\/div>\n\n<div class=\"gb-container gb-container-3a5e9dfd\">\n\n<h4 class=\"gb-headline gb-headline-b42afbb3 gb-headline-text\">Dodatna strojna oprema:<\/h4>\n\n\n\n<p class=\"gb-headline gb-headline-13f383c1 gb-headline-text\">\u010ce potrebna strojna oprema \u0161e ni podprta, lahko razvijemo re\u0161itve po meri.<br>Prosimo, da nas <a href=\"https:\/\/smartcanteen.eu\/sl\/kontakt\" data-type=\"page\" data-id=\"4239\">kontaktirate<\/a> za ve\u010d informacij.<\/p>\n\n<\/div>\n<\/div>\n<\/div>\n\n\n<p><\/p>\n","protected":false},"excerpt":{"rendered":"<p>Pove\u017eite strojno opremo, ki jo potrebujete Na\u0161e re\u0161itve so zdru\u017eljive s \u0161iroko paleto strojne opreme. Preprosto integrirajte dodatne naprave v va\u0161o obstoje\u010do infrastrukturo. Strojna &#8230; <a title=\"Podprta strojna oprema\" class=\"read-more\" href=\"https:\/\/smartcanteen.eu\/sl\/podprta-strojna-oprema\" aria-label=\"Read more about Podprta strojna oprema\">Beri dalje<\/a><\/p>\n","protected":false},"author":1,"featured_media":0,"parent":0,"menu_order":203,"comment_status":"closed","ping_status":"closed","template":"","meta":{"_acf_changed":false,"footnotes":""},"class_list":["post-4297","page","type-page","status-publish"],"acf":[],"_links":{"self":[{"href":"https:\/\/smartcanteen.eu\/sl\/wp-json\/wp\/v2\/pages\/4297","targetHints":{"allow":["GET"]}}],"collection":[{"href":"https:\/\/smartcanteen.eu\/sl\/wp-json\/wp\/v2\/pages"}],"about":[{"href":"https:\/\/smartcanteen.eu\/sl\/wp-json\/wp\/v2\/types\/page"}],"author":[{"embeddable":true,"href":"https:\/\/smartcanteen.eu\/sl\/wp-json\/wp\/v2\/users\/1"}],"replies":[{"embeddable":true,"href":"https:\/\/smartcanteen.eu\/sl\/wp-json\/wp\/v2\/comments?post=4297"}],"version-history":[{"count":4,"href":"https:\/\/smartcanteen.eu\/sl\/wp-json\/wp\/v2\/pages\/4297\/revisions"}],"predecessor-version":[{"id":4789,"href":"https:\/\/smartcanteen.eu\/sl\/wp-json\/wp\/v2\/pages\/4297\/revisions\/4789"}],"wp:attachment":[{"href":"https:\/\/smartcanteen.eu\/sl\/wp-json\/wp\/v2\/media?parent=4297"}],"curies":[{"name":"wp","href":"https:\/\/api.w.org\/{rel}","templated":true}]}}