{"id":527,"date":"2024-12-05T19:04:49","date_gmt":"2024-12-05T18:04:49","guid":{"rendered":"https:\/\/eggos.konverta.si\/?page_id=527"},"modified":"2025-12-03T16:57:18","modified_gmt":"2025-12-03T15:57:18","slug":"piskotki","status":"publish","type":"page","link":"https:\/\/smartcanteen.eu\/sl\/piskotki","title":{"rendered":"Pi\u0161kotki"},"content":{"rendered":"\n<h2 class=\"gb-headline gb-headline-f3abb8cf gb-headline-text\"><strong>Osnovno<\/strong><\/h2>\n\n\n\n<p class=\"gb-headline gb-headline-3d9284fb gb-headline-text\">Pi\u0161kotki niso ni\u010d novega, vsi obiskovalci spletnih strani imamo na svojih ra\u010dunalnikih, tablicah, mobitelih shranjenih \u017ee veliko pi\u0161kotkov z razli\u010dnih spletnih strani. Novo je zgolj to, da z novo zakonodajo (ZEKom-1) prihaja do sprememb glede obve\u0161\u010danja oz. sogla\u0161anja obiskovalcev z njihovo uporabo.<\/p>\n\n\n\n<h2 class=\"gb-headline gb-headline-98573753 gb-headline-text\"><strong>Kaj so pi\u0161kotki?<\/strong><\/h2>\n\n\n\n<p class=\"gb-headline gb-headline-8e5ec813 gb-headline-text\">So male besedilne datoteke, ki jih ve\u010dina spletnih mest shrani v naprave, s katerimi uporabniki dostopajo do interneta z namenom prepoznavanja posameznih naprav, ki so jih uporabniki uporabili pri dostopu. Njihovo shranjevanje je pod popolnim nadzorom brskalnika, ki ga ima uporabnik &#8211; ta lahko shranjevanje pi\u0161kotkov po \u017eelji omeji ali onemogo\u010di.<\/p>\n\n\n\n<h2 class=\"gb-headline gb-headline-9b66aeff gb-headline-text\"><strong>Zakaj so pi\u0161kotki potrebni?<\/strong><\/h2>\n\n\n\n<p class=\"gb-headline gb-headline-23b091d9 gb-headline-text\">So temeljnega pomena za zagotavljanje uporabniku prijaznih spletnih storitev. Interakcija med spletnim uporabnikom in spletnim mestom je s pomo\u010djo pi\u0161kotkov hitrej\u0161a in enostavnej\u0161a. Z njihovo pomo\u010djo si spletno mesto zapomni posameznikove preference in izku\u0161nje, s tem je prihranjen \u010das, brskanje po spletnih mestih pa bolj u\u010dinkovito in prijazno.<\/p>\n\n\n\n<p class=\"gb-headline gb-headline-de3c1f80 gb-headline-text\">Nekaj konkretnih primerov uporabe pi\u0161kotkov:<\/p>\n\n\n\n<ul class=\"wp-block-list\">\n<li>za bolj\u0161o uporabni\u0161ko izku\u0161njo spletne strani obiskovalcem prilagodimo prikaz vsebine glede na pretekle obiske<\/li>\n\n\n\n<li>za shranjevanje izbire pri ustvarjanju o\u017ejega izbora naprav in ponudbe ter njihove primerjave<\/li>\n\n\n\n<li>na delih spletnih mestih, kjer je potrebna prijava, vas ohranimo prijavljene<\/li>\n\n\n\n<li>za prepoznavanje va\u0161e naprave (ra\u010dunalnik, tablica, mobitel), ki omogo\u010da prilagajanje prikaza vsebine va\u0161i napravi<\/li>\n\n\n\n<li>za spremljanje obiska, kar omogo\u010da preverjanje u\u010dinkovitosti prikaza vsebin in ustreznosti oglasov ter stalno izbolj\u0161avo spletnih strani<\/li>\n\n\n\n<li>za delovanje dolo\u010denih storitev so nujni (npr. spletne banke, spletne trgovine in druge oblike e-poslovanja, \u2026)<\/li>\n<\/ul>\n\n\n\n<figure class=\"wp-block-table\"><table><tbody><tr><td><strong>Izdajatelj<\/strong><\/td><td><strong>Oznaka pi\u0161kotka<\/strong><\/td><td><strong>Veljavnost<\/strong><\/td><td><strong>Namen<\/strong><\/td><\/tr><tr><td>smartcanteen.eu<\/td><td>comment_author_[hash]<\/td><td>347 dni<\/td><td>Pi\u0161kotek, ki omogo\u010da pravilno delovanje komentiranja objav in produktov.<\/td><\/tr><tr><td>smartcanteen.eu<\/td><td>comment_author_email_[hash]<\/td><td>347 dni<\/td><td>Pi\u0161kotek, ki omogo\u010da pravilno delovanje komentiranja objav in produktov.<\/td><\/tr><tr><td>smartcanteen.eu<\/td><td>comment_author_url_[hash]<\/td><td>347 dni<\/td><td>Pi\u0161kotek, ki omogo\u010da pravilno delovanje komentiranja objav in produktov.<\/td><\/tr><tr><td>smartcanteen.eu<\/td><td>wordpress_[hash]<\/td><td>do zaprtja brskalnika<\/td><td>Sejni pi\u0161kotek, ki omogo\u010da pravilno delovanje uporabni\u0161ke nadzorne plo\u0161\u010de.<\/td><\/tr><tr><td>smartcanteen.eu<\/td><td>wordpress_logged_in_[hash]<\/td><td>do zaprtja brskalnika<\/td><td>Sejni pi\u0161kotek, ki omogo\u010da pravilno delovanje uporabni\u0161ke nadzorne plo\u0161\u010de.<\/td><\/tr><tr><td>smartcanteen.eu<\/td><td>wp-settings-{time}-[UID]<\/td><td>do zaprtja brskalnika<\/td><td>Sejni pi\u0161kotek, ki omogo\u010da pravilno delovanje uporabni\u0161ke nadzorne plo\u0161\u010de.<\/td><\/tr><tr><td>Google Analytics<\/td><td>_ga cookie<\/td><td>730 dni<\/td><td>Pi\u0161kotek za prepoznavanje unikatnih obiskovalcev.<\/td><\/tr><tr><td>Google Analytics<\/td><td>_gat cookie<\/td><td>60 sekund<\/td><td>Pi\u0161kotek za uravnavanje stopnje zahtev.<\/td><\/tr><tr><td>Google Analytics<\/td><td>_gid cookie<\/td><td>24 ur<\/td><td>Pi\u0161kotek za prepoznavanje obiskovalcev.<\/td><\/tr><\/tbody><\/table><\/figure>\n\n\n\n<h2 class=\"gb-headline gb-headline-94e48f86 gb-headline-text\">Onemogo\u010danje pi\u0161kotkov<\/h2>\n\n\n\n<p class=\"gb-headline gb-headline-774d14b5 gb-headline-text\">Vi odlo\u010dite, ali boste dovolili shranjevanje pi\u0161kotkov na va\u0161i napravi. Nastavitve za pi\u0161kotke lahko nadzirate in spreminjate v va\u0161em spletnem brskalniku. Za informacije o nastavitvah za pi\u0161kotke izberite spletni brskalnik, ki ga uporabljate.<\/p>\n\n\n\n<ul class=\"wp-block-list\">\n<li><a href=\"https:\/\/support.microsoft.com\/sl-si\/products\/windows?os=windows-7\" target=\"_blank\" rel=\"noreferrer noopener nofollow\">Internet Explorer 9<\/a><\/li>\n\n\n\n<li><a href=\"https:\/\/support.microsoft.com\/sl-si\/help\/17442\/windows-internet-explorer-delete-manage-cookies\" target=\"_blank\" rel=\"noreferrer noopener nofollow\">Internet Explorer 7 in 8<\/a><\/li>\n\n\n\n<li><a href=\"https:\/\/support.mozilla.org\/sl\/kb\/kako-omogocite-onemogocite-piskotke?redirectlocale=sl&amp;redirectslug=Kako+aktivirate+in+deaktivirate+pi%C5%A1kote\" target=\"_blank\" rel=\"noreferrer noopener nofollow\">Mozzila Firefox<\/a><\/li>\n\n\n\n<li><a href=\"https:\/\/support.google.com\/chrome\/answer\/95647?hl=sl-sl&amp;p=cpn_cookies\" target=\"_blank\" rel=\"noreferrer noopener nofollow\">Chrome<\/a><\/li>\n\n\n\n<li><a href=\"https:\/\/support.apple.com\/kb\/PH19214?locale=sl_SI\" target=\"_blank\" rel=\"noreferrer noopener nofollow\">Safari<\/a> (stran v angle\u0161kem jeziku)<\/li>\n\n\n\n<li><a href=\"http:\/\/www.opera.com\/help\/tutorials\/security\/cookies\/\" target=\"_blank\" rel=\"noreferrer noopener nofollow\">Opera<\/a> (stran v angle\u0161kem jeziku)<\/li>\n<\/ul>\n\n\n\n<p class=\"gb-headline gb-headline-3d5c18d6 gb-headline-text\">\u010ce pi\u0161kotke izklopite, stran smartcanteen.eu ne bo delovala popolno oz. bodo nekatere funkcionalnosti onemogo\u010dene.<\/p>\n\n\n\n<p class=\"gb-headline gb-headline-bae9c048 gb-headline-text\">Soglasje za pi\u0161kotke lahko prekli\u010dete s klikom na spodnji gumb.<\/p>\n\n\n<p>[cookies_revoke]<\/p>\n","protected":false},"excerpt":{"rendered":"<p>Osnovno Pi\u0161kotki niso ni\u010d novega, vsi obiskovalci spletnih strani imamo na svojih ra\u010dunalnikih, tablicah, mobitelih shranjenih \u017ee veliko pi\u0161kotkov z razli\u010dnih spletnih strani. Novo &#8230; <a title=\"Pi\u0161kotki\" class=\"read-more\" href=\"https:\/\/smartcanteen.eu\/sl\/piskotki\" aria-label=\"Read more about Pi\u0161kotki\">Beri dalje<\/a><\/p>\n","protected":false},"author":1,"featured_media":0,"parent":0,"menu_order":901,"comment_status":"closed","ping_status":"closed","template":"","meta":{"_acf_changed":false,"footnotes":""},"class_list":["post-527","page","type-page","status-publish"],"acf":[],"_links":{"self":[{"href":"https:\/\/smartcanteen.eu\/sl\/wp-json\/wp\/v2\/pages\/527","targetHints":{"allow":["GET"]}}],"collection":[{"href":"https:\/\/smartcanteen.eu\/sl\/wp-json\/wp\/v2\/pages"}],"about":[{"href":"https:\/\/smartcanteen.eu\/sl\/wp-json\/wp\/v2\/types\/page"}],"author":[{"embeddable":true,"href":"https:\/\/smartcanteen.eu\/sl\/wp-json\/wp\/v2\/users\/1"}],"replies":[{"embeddable":true,"href":"https:\/\/smartcanteen.eu\/sl\/wp-json\/wp\/v2\/comments?post=527"}],"version-history":[{"count":2,"href":"https:\/\/smartcanteen.eu\/sl\/wp-json\/wp\/v2\/pages\/527\/revisions"}],"predecessor-version":[{"id":529,"href":"https:\/\/smartcanteen.eu\/sl\/wp-json\/wp\/v2\/pages\/527\/revisions\/529"}],"wp:attachment":[{"href":"https:\/\/smartcanteen.eu\/sl\/wp-json\/wp\/v2\/media?parent=527"}],"curies":[{"name":"wp","href":"https:\/\/api.w.org\/{rel}","templated":true}]}}