{"id":5293,"date":"2025-12-04T21:13:06","date_gmt":"2025-12-04T20:13:06","guid":{"rendered":"https:\/\/smartcanteen.eu\/odtis"},"modified":"2025-12-04T22:23:47","modified_gmt":"2025-12-04T21:23:47","slug":"pravno-obvestilo","status":"publish","type":"page","link":"https:\/\/smartcanteen.eu\/sl\/pravno-obvestilo","title":{"rendered":"Pravno obvestilo"},"content":{"rendered":"\n<p class=\"gb-headline gb-headline-8d5d6a03 gb-headline-text\"><strong>Upravljavec spletnega mesta in ponudnik storitev:<\/strong> EGGMEDIA d.o.o.  <\/p>\n\n\n\n<ul class=\"wp-block-list\">\n<li>Kidri\u010deva ulica 24,<\/li>\n\n\n\n<li>3000 Celje,<\/li>\n\n\n\n<li>Slovenija<\/li>\n<\/ul>\n\n\n\n<p><strong>Zastopnik:<\/strong> Jo\u017ee Stani\u0161a (generalni direktor \/ direktor)<\/p>\n\n\n\n<p class=\"gb-headline gb-headline-d9e6efc5 gb-headline-text\"><strong>Kontakt:<\/strong><\/p>\n\n\n\n<ul class=\"wp-block-list\">\n<li>Telefon: +386 64 229 200<\/li>\n\n\n\n<li>E-naslov: info@eggmedia.si<\/li>\n<\/ul>\n\n\n\n<p class=\"gb-headline gb-headline-3ddfa6ce gb-headline-text\"><strong>Vpis v register:<\/strong><\/p>\n\n\n\n<ul class=\"wp-block-list\">\n<li>Vpis v slovenski poslovni register (AJPES).<\/li>\n\n\n\n<li>Registracijsko sodi\u0161\u010de: Okro\u017eno sodi\u0161\u010de Celje (Okro\u017eno sodi\u0161\u010de Celje)<\/li>\n\n\n\n<li>Registrska \u0161tevilka (Mati\u010dna \u0161tevilka): 8518572000<\/li>\n<\/ul>\n\n\n\n<p><strong>ID ZA DDV:<\/strong> SI68907648<\/p>\n\n\n\n<p><strong>Odgovorni urednik:<\/strong> Jo\u017ee Stani\u0161a, Kidri\u010deva ulica 24, 3000 Celje, Slovenija<\/p>\n\n\n\n<p>Ne priznavamo nobenega izvajalca izvensodnega re\u0161evanja potro\u0161ni\u0161kih sporov (IRPS).<\/p>\n\n\n\n<hr class=\"wp-block-separator has-alpha-channel-opacity\"\/>\n\n\n\n<p class=\"gb-headline gb-headline-1aa7dabe gb-headline-text\"><strong>Distribucijski partner za Avstrijo:<\/strong> AlpVent GmbH<\/p>\n\n\n\n<ul class=\"wp-block-list\">\n<li>Toppelsdorf 49,<\/li>\n\n\n\n<li>A-9161 Maria Rain,<\/li>\n\n\n\n<li>Avstrija<\/li>\n<\/ul>\n\n\n\n<p><strong>ID ZA DDV:<\/strong> ATU72190158<\/p>\n\n\n\n<p><strong>Mati\u010dna \u0161t. podjetja:<\/strong> FN 469889 p<\/p>\n\n\n\n<p class=\"gb-headline gb-headline-ea564edb gb-headline-text\"><strong>Kontakt za prodajo v Avstriji:<\/strong><\/p>\n\n\n\n<ul class=\"wp-block-list\">\n<li>Telefon: +43 664 877 17 00<\/li>\n\n\n\n<li>E-naslov: info@alpvent.com<\/li>\n<\/ul>\n","protected":false},"excerpt":{"rendered":"<p>Upravljavec spletnega mesta in ponudnik storitev: EGGMEDIA d.o.o. Zastopnik: Jo\u017ee Stani\u0161a (generalni direktor \/ direktor) Kontakt: Vpis v register: ID ZA DDV: SI68907648 Odgovorni &#8230; <a title=\"Pravno obvestilo\" class=\"read-more\" href=\"https:\/\/smartcanteen.eu\/sl\/pravno-obvestilo\" aria-label=\"Read more about Pravno obvestilo\">Beri dalje<\/a><\/p>\n","protected":false},"author":1,"featured_media":0,"parent":0,"menu_order":902,"comment_status":"closed","ping_status":"closed","template":"","meta":{"_acf_changed":false,"footnotes":""},"class_list":["post-5293","page","type-page","status-publish"],"acf":[],"_links":{"self":[{"href":"https:\/\/smartcanteen.eu\/sl\/wp-json\/wp\/v2\/pages\/5293","targetHints":{"allow":["GET"]}}],"collection":[{"href":"https:\/\/smartcanteen.eu\/sl\/wp-json\/wp\/v2\/pages"}],"about":[{"href":"https:\/\/smartcanteen.eu\/sl\/wp-json\/wp\/v2\/types\/page"}],"author":[{"embeddable":true,"href":"https:\/\/smartcanteen.eu\/sl\/wp-json\/wp\/v2\/users\/1"}],"replies":[{"embeddable":true,"href":"https:\/\/smartcanteen.eu\/sl\/wp-json\/wp\/v2\/comments?post=5293"}],"version-history":[{"count":5,"href":"https:\/\/smartcanteen.eu\/sl\/wp-json\/wp\/v2\/pages\/5293\/revisions"}],"predecessor-version":[{"id":5303,"href":"https:\/\/smartcanteen.eu\/sl\/wp-json\/wp\/v2\/pages\/5293\/revisions\/5303"}],"wp:attachment":[{"href":"https:\/\/smartcanteen.eu\/sl\/wp-json\/wp\/v2\/media?parent=5293"}],"curies":[{"name":"wp","href":"https:\/\/api.w.org\/{rel}","templated":true}]}}