{"id":537,"date":"2024-12-05T17:10:35","date_gmt":"2024-12-05T16:10:35","guid":{"rendered":"https:\/\/eggos.konverta.si\/?page_id=537"},"modified":"2025-12-03T19:03:55","modified_gmt":"2025-12-03T18:03:55","slug":"politika-zasebnosti","status":"publish","type":"page","link":"https:\/\/smartcanteen.eu\/sl\/politika-zasebnosti","title":{"rendered":"Politika zasebnosti"},"content":{"rendered":"\n<h2 class=\"wp-block-heading\">Upravljalec osebnih podakov<\/h2>\n\n\n\n<p>Upravljavec osebnih podatkov je Eggmedia d.o.o., Kidri\u010deva ulica 24, 3000 Celje, ID za DDV: SI69236674, mati\u010dna \u0161t.: 6837786000.<\/p>\n\n\n\n<h3 class=\"wp-block-heading\">Katere osebne podatke zbiramo in zakaj<\/h3>\n\n\n\n<h5 class=\"wp-block-heading\">Komentarji<\/h5>\n\n\n\n<p>Ko obiskovalci pustijo komentarje na spletnem mestu, zberemo podatke, prikazane v obrazcu za komentarje, ter tudi naslov IP obiskovalca in niz uporabni\u0161kega agenta brskalnika za pomo\u010d pri odkrivanju ne\u017eelenih (SPAM) komentarjev.<\/p>\n\n\n\n<p>Storitvi Gravatar se lahko posreduje anonimiziran niz, ustvarjen iz va\u0161ega e-po\u0161tnega naslova (imenovan tudi zgo\u0161\u010dena vrednost), da preveri, ali ga uporabljate. Politika zasebnosti storitve Gravatar je na voljo tukaj: https:\/\/automattic.com\/privacy\/. Po odobritvi va\u0161ega komentarja je va\u0161a profilna slika vidna javnosti v kontekstu va\u0161ega komentarja.<\/p>\n\n\n\n<h5 class=\"wp-block-heading\">Predstavnost<\/h5>\n\n\n\n<p>Preko spletnih obrazcev zbiramo nujno potrebne podatke za namene kontakta, \u010dlanstva ali vpra\u0161anj iz strani ob\u010danov. Zbirajo se podatki, ki so nakazani v posameznem spletnem obrazcu. \u010ce nalagate slike na spletno mesto, se izogibajte nalaganju slik z vklju\u010denimi vdelanimi podatki o lokaciji (EXIF GPS). Podatke o lokaciji iz slik na spletnem mestu se lahko izvle\u010de in prenese.<\/p>\n\n\n\n<h5 class=\"wp-block-heading\">Spletni obrazci<\/h5>\n\n\n\n<p>\u010ce nalagate slike na spletno mesto, se izogibajte nalaganju slik z vklju\u010denimi vdelanimi podatki o lokaciji (EXIF GPS). Podatke o lokaciji iz slik na spletnem mestu se lahko izvle\u010de in prenese.<\/p>\n\n\n\n<h5 class=\"wp-block-heading\">Vdelana vsebina iz drugih spleti\u0161\u010d<\/h5>\n\n\n\n<p>Vsebina na tem spletnem mestu lahko vklju\u010duje vdelano vsebino (npr. videe, slike, zemljevide itd.). Vdelana vsebina z drugih spletnih mest se obna\u0161a na povsem enak na\u010din, kot \u010de bi obiskovalec obiskal drugo spletno mesto. Ta spletna mesta lahko zbirajo podatke o vas, uporabljajo pi\u0161kotke, vdelajo dodatno sledenje tretjih oseb in spremljajo va\u0161o interakcijo s to vdelano vsebino, vklju\u010dno s sledenjem va\u0161i interakciji z vdelano vsebino, \u010de imate ra\u010dun in ste prijavljeni na to spletno mesto.<\/p>\n\n\n\n<p>Primeri tak\u0161nih ponudnikov vdelanih vsebin: Dru\u017ebena omre\u017eja (Facebook, Instagram, X, Linkedin, \u2026), video platforme (youtube, \u2026), platforme z zemljevidi (Google Maps, Apple Maps, Najdi.si zemljevidi, \u2026) in drugo.<\/p>\n\n\n\n<h3 class=\"wp-block-heading\">S kom delimo va\u0161e podatke<\/h3>\n\n\n\n<p>\u010ce ste zahtevali ponastavitev gesla, bo v e-po\u0161ti za ponastavitev vklju\u010den va\u0161 naslov IP.<\/p>\n\n\n\n<h3 class=\"wp-block-heading\">Spletna analitika<\/h3>\n\n\n\n<p>Spletna stran uporablja storitev Google Analytics, spletno analizo storitve Google Inc. (\u00bbGoogle\u00ab). Google Analytics uporablja \u00bbpi\u0161kotke\u00ab, ki so besedilne datoteke, ki so shranjene v va\u0161em brskalniku in ki omogo\u010dajo analizo pri uporabi va\u0161e spletne strani. Informacije o va\u0161em obisku spletnega mesta, ki jih je pi\u0161kotek zabele\u017eil (vklju\u010dno z va\u0161im naslovom IP), se po\u0161lje v Google stre\u017enik. Funkcija anonimiziranja \u201c_anonymizeIp ()\u201d se uporablja za naslov IP na spletnem mestu, tako da bo Google naslov shranil in obdelal le v skraj\u0161ani obliki. Google bo podatke, posnete za ovrednotenje va\u0161ega obiska na spletnem mestu, uporabil za zbiranje poro\u010dil o va\u0161i dejavnosti brskanja za skrbnike spletnega mesta in za zagotavljanje drugih storitev, povezanih z uporabo spletnega mesta in interneta. Google bo te podatke posredoval tudi tretjim osebam, \u010de je to potrebno, \u010de to predpisuje zakon ali \u010de tretje osebe obdelujejo te podatke v imenu Googla. Google va\u0161ega IP-naslova nikoli ne bo povezal z drugimi Googlovimi podatki. Snemanje in shranjevanje podatkov s strani Google Analytics na splo\u0161no lahko kadar koli prepre\u010dite z raz\u0161iritvijo brskalnika, ki je na voljo na http:\/\/tools.google.com\/dlpage\/gaoptout?hl=com, kar bo \u0161e naprej u\u010dinkovito. Z uporabo te spletne strani izjavljate, da se Googlu strinjate z obdelavo podatkov, pridobljenih o vas, na zgoraj opisani na\u010din in za navedeni namen. \u010ce ne \u017eelite, da bi bili podatki o va\u0161em obisku na tem spletnem mestu poslani v storitev Google Analytics, lahko tukaj prenesete raz\u0161iritev za svoj spletni brskalnik http:\/\/tools.google.com\/dlpage\/gaoptout?hl=com.<\/p>\n\n\n\n<h3 class=\"wp-block-heading\">Kako dolgo hranimo va\u0161e podatke<\/h3>\n\n\n\n<p>\u010ce pustite komentar, se komentar in povezani metapodatki hranijo za nedolo\u010den \u010das. To je zato, da lahko samodejno prepoznamo in odobrimo nadaljnje komentarje, namesto da jih zadr\u017eimo v \u010dakalni vrsti za moderiranje.<\/p>\n\n\n\n<p>Za uporabnike, ki se registrirajo na na\u0161i spletni strani (\u010de obstajajo), hranimo tudi osebne podatke, ki jih posredujejo v svojem uporabni\u0161kem profilu. Vsi uporabniki lahko kadar koli vidijo, uredijo ali izbri\u0161ejo svoje osebne podatke (le da ne morejo spremeniti uporabni\u0161kega imena). Skrbniki spletnega mesta lahko tudi vidijo in urejajo te podatke.<\/p>\n\n\n\n<h3 class=\"wp-block-heading\">Katere pravice imate nad va\u0161imi podatki<\/h3>\n\n\n\n<p>\u010ce imate up. ra\u010dun na tem spletnem mestu ali ste pustili komentarje, lahko zahtevate prejem izvo\u017eene datoteke osebnih podatkov, ki jih imamo o vas, vklju\u010dno z vsemi podatki, ki ste nam jih posredovali. Prav tako lahko zahtevate, da izbri\u0161emo vse osebne podatke, ki jih imamo o vas. To ne vklju\u010duje nobenih podatkov, ki smo jih dol\u017eni hraniti za administrativne, pravne ali varnostne namene.<\/p>\n\n\n\n<h3 class=\"wp-block-heading\">Kam po\u0161iljamo va\u0161e podatke<\/h3>\n\n\n\n<p>Komentarji obiskovalcev se lahko preverijo s storitvijo za samodejno zaznavanje ne\u017eelenih (SPAM) komentarjev.<\/p>\n","protected":false},"excerpt":{"rendered":"<p>Upravljalec osebnih podakov Upravljavec osebnih podatkov je Eggmedia d.o.o., Kidri\u010deva ulica 24, 3000 Celje, ID za DDV: SI69236674, mati\u010dna \u0161t.: 6837786000. Katere osebne podatke &#8230; <a title=\"Politika zasebnosti\" class=\"read-more\" href=\"https:\/\/smartcanteen.eu\/sl\/politika-zasebnosti\" aria-label=\"Read more about Politika zasebnosti\">Beri dalje<\/a><\/p>\n","protected":false},"author":1,"featured_media":0,"parent":0,"menu_order":900,"comment_status":"closed","ping_status":"closed","template":"","meta":{"_acf_changed":false,"footnotes":""},"class_list":["post-537","page","type-page","status-publish"],"acf":[],"_links":{"self":[{"href":"https:\/\/smartcanteen.eu\/sl\/wp-json\/wp\/v2\/pages\/537","targetHints":{"allow":["GET"]}}],"collection":[{"href":"https:\/\/smartcanteen.eu\/sl\/wp-json\/wp\/v2\/pages"}],"about":[{"href":"https:\/\/smartcanteen.eu\/sl\/wp-json\/wp\/v2\/types\/page"}],"author":[{"embeddable":true,"href":"https:\/\/smartcanteen.eu\/sl\/wp-json\/wp\/v2\/users\/1"}],"replies":[{"embeddable":true,"href":"https:\/\/smartcanteen.eu\/sl\/wp-json\/wp\/v2\/comments?post=537"}],"version-history":[{"count":3,"href":"https:\/\/smartcanteen.eu\/sl\/wp-json\/wp\/v2\/pages\/537\/revisions"}],"predecessor-version":[{"id":4808,"href":"https:\/\/smartcanteen.eu\/sl\/wp-json\/wp\/v2\/pages\/537\/revisions\/4808"}],"wp:attachment":[{"href":"https:\/\/smartcanteen.eu\/sl\/wp-json\/wp\/v2\/media?parent=537"}],"curies":[{"name":"wp","href":"https:\/\/api.w.org\/{rel}","templated":true}]}}